{"id":5923,"date":"2023-07-03T11:32:40","date_gmt":"2023-07-03T11:32:40","guid":{"rendered":"https:\/\/btcaussiesystem.cloud\/vyhlasenie\/"},"modified":"2024-07-07T20:21:44","modified_gmt":"2024-07-07T20:21:44","slug":"vyhlasenie","status":"publish","type":"page","link":"https:\/\/btcaussiesystem.cloud\/sk\/vyhlasenie\/","title":{"rendered":"VYHL\u00c1SENIE"},"content":{"rendered":"<?xml encoding=\"UTF-8\"><div class=\"gb-container gb-container-132890ec\">\n<div class=\"gb-container gb-container-19d54dec\">\n\n<h1 class=\"gb-headline gb-headline-41bda5e9 gb-headline-text\">VYL&Uacute;&#268;ENIE ZODPOVEDNOSTI &ndash; KW_00001<\/h1>\n\n<\/div>\n<\/div><div class=\"gb-container gb-container-5ebd45dd\">\n<div class=\"gb-container gb-container-0c928505\">\n\n<p>Posledn&aacute; aktualiz&aacute;cia: august 2023<\/p>\n\n\n\n<h2 class=\"gb-headline gb-headline-15767c91 gb-headline-text\"><strong>V&yacute;klad a defin&iacute;cie<\/strong><\/h2>\n\n\n\n<h3 class=\"gb-headline gb-headline-e8e7690a gb-headline-text\"><strong>V&yacute;klad<\/strong><\/h3>\n\n\n\n<p>Slov&aacute;, ktor&yacute;ch za&#269;iato&#269;n&eacute; p&iacute;smeno je ve&#318;k&eacute;, maj&uacute; v&yacute;znam definovan&yacute; za t&yacute;chto podmienok. Nasleduj&uacute;ce defin&iacute;cie maj&uacute; rovnak&yacute; v&yacute;znam bez oh&#318;adu na to, &#269;i s&uacute; uveden&eacute; v jednotnom alebo mno&#382;nom &#269;&iacute;sle.<\/p>\n\n\n\n<h3 class=\"gb-headline gb-headline-39791f82 gb-headline-text\"><strong>Defin&iacute;cie<\/strong><\/h3>\n\n\n\n<p>Na &uacute;&#269;ely tohto vyhl&aacute;senia o odmietnut&iacute; zodpovednosti:<\/p>\n\n\n\n<ul class=\"wp-block-list\">\n<li>Spolo&#269;nos&#357; (v t&yacute;chto Z&aacute;sad&aacute;ch pou&#382;&iacute;vania s&uacute;borov cookie ozna&#269;ovan&aacute; bu&#271; ako &bdquo;Spolo&#269;nos&#357;&ldquo;, &bdquo;My&ldquo;, &bdquo;N&aacute;s&ldquo; alebo &bdquo;Na&scaron;e&ldquo;) ozna&#269;uje Quantum 5.0 ePrex , Darling Park Tower, 201 Sussex Street, Sydney, NSW 2000.<\/li>\n\n\n\n<li>Pou&#382;&iacute;vate&#318;om sa rozumie pou&#382;&iacute;vate&#318;, fyzick&aacute; osoba, ktor&aacute; pristupuje k Slu&#382;be, pr&iacute;padne spolo&#269;nos&#357; alebo in&yacute; pr&aacute;vny subjekt, v mene ktor&eacute;ho tak&aacute;to osoba pristupuje k Slu&#382;be alebo ju pou&#382;&iacute;va.<\/li>\n\n\n\n<li>Webov&aacute; str&aacute;nka odkazuje na <a href=\"https:\/\/btcaussiesystem.cloud\/sk\/\">https:\/\/btcaussiesystem.cloud<\/a> (KW_00001).<\/li>\n\n\n\n<li>Slu&#382;ba sa vz&#357;ahuje na webov&eacute; s&iacute;dlo.<\/li>\n<\/ul>\n\n\n\n<h3 class=\"gb-headline gb-headline-06444dd3 gb-headline-text\"><strong>Zrieknutie sa zodpovednosti<\/strong><\/h3>\n\n\n\n<p>Inform&aacute;cie obsiahnut&eacute; v slu&#382;be sl&uacute;&#382;ia len na v&scaron;eobecn&eacute; informa&#269;n&eacute; &uacute;&#269;ely.<\/p>\n\n\n\n<p>Spolo&#269;nos&#357; nenesie &#382;iadnu zodpovednos&#357; za chyby alebo opomenutia v obsahu Slu&#382;by.<\/p>\n\n\n\n<p>Spolo&#269;nos&#357; v &#382;iadnom pr&iacute;pade nenesie zodpovednos&#357; za ak&eacute;ko&#318;vek osobitn&eacute;, priame, nepriame, n&aacute;sledn&eacute; alebo n&aacute;hodn&eacute; &scaron;kody alebo ak&eacute;ko&#318;vek &scaron;kody, &#269;i u&#382; v r&aacute;mci zmluvn&eacute;ho konania, nedbanlivosti alebo in&yacute;ch deliktov, ktor&eacute; vznikli v d&ocirc;sledku pou&#382;&iacute;vania Slu&#382;by alebo jej obsahu alebo v s&uacute;vislosti s nimi. Spolo&#269;nos&#357; si vyhradzuje pr&aacute;vo kedyko&#318;vek a bez predch&aacute;dzaj&uacute;ceho upozornenia dop&#314;&#328;a&#357;, vymaz&aacute;va&#357; alebo upravova&#357; obsah Slu&#382;by.  <\/p>\n\n\n\n<p>Spolo&#269;nos&#357; nezaru&#269;uje, &#382;e slu&#382;ba neobsahuje v&iacute;rusy ani in&eacute; &scaron;kodliv&eacute; komponenty.<\/p>\n\n\n\n<h3 class=\"gb-headline gb-headline-787ad7b1 gb-headline-text\"><strong>Zrieknutie sa zodpovednosti za extern&eacute; odkazy<\/strong><\/h3>\n\n\n\n<p>Slu&#382;ba m&ocirc;&#382;e obsahova&#357; odkazy na extern&eacute; webov&eacute; str&aacute;nky, ktor&eacute; nie s&uacute; poskytovan&eacute; ani spravovan&eacute; spolo&#269;nos&#357;ou, ani s &#328;ou nijako nes&uacute;visia.<\/p>\n\n\n\n<p>Upozor&#328;ujeme, &#382;e spolo&#269;nos&#357; nezaru&#269;uje presnos&#357;, relevantnos&#357;, aktu&aacute;lnos&#357; ani &uacute;plnos&#357; ak&yacute;chko&#318;vek inform&aacute;ci&iacute; na t&yacute;chto extern&yacute;ch webov&yacute;ch str&aacute;nkach.<\/p>\n\n\n\n<h3 class=\"gb-headline gb-headline-192fa1b4 gb-headline-text\"><strong>Zrieknutie sa zodpovednosti za chyby a opomenutia<\/strong><\/h3>\n\n\n\n<p>Inform&aacute;cie poskytnut&eacute; slu&#382;bou sl&uacute;&#382;ia len na v&scaron;eobecn&eacute; usmernenie o z&aacute;ujmov&yacute;ch z&aacute;le&#382;itostiach. Aj ke&#271; Spolo&#269;nos&#357; prijme v&scaron;etky opatrenia na zabezpe&#269;enie aktu&aacute;lnosti a presnosti obsahu Slu&#382;by, m&ocirc;&#382;u sa vyskytn&uacute;&#357; chyby. Navy&scaron;e vzh&#318;adom na meniacu sa povahu z&aacute;konov, pravidiel a predpisov m&ocirc;&#382;e d&ocirc;js&#357; k oneskoreniu, vynechaniu alebo nepresnostiam v inform&aacute;ci&aacute;ch uveden&yacute;ch v slu&#382;be.<\/p>\n\n\n\n<p>Spolo&#269;nos&#357; nezodpoved&aacute; za &#382;iadne chyby alebo opomenutia, ani za v&yacute;sledky z&iacute;skan&eacute; z pou&#382;itia t&yacute;chto inform&aacute;ci&iacute;.<\/p>\n\n\n\n<h2 class=\"gb-headline gb-headline-512d8f81 gb-headline-text\"><strong>Zrieknutie sa zodpovednosti za spravodliv&eacute; pou&#382;&iacute;vanie<\/strong><\/h2>\n\n\n\n<p>Spolo&#269;nos&#357; m&ocirc;&#382;e pou&#382;&iacute;va&#357; materi&aacute;l chr&aacute;nen&yacute; autorsk&yacute;mi pr&aacute;vami, ktor&yacute; nebol v&#382;dy v&yacute;slovne schv&aacute;len&yacute; vlastn&iacute;kom autorsk&yacute;ch pr&aacute;v. Spolo&#269;nos&#357; spr&iacute;stup&#328;uje tak&yacute;to materi&aacute;l na &uacute;&#269;ely kritiky, koment&aacute;rov, spravodajstva, v&yacute;u&#269;by, vedy alebo v&yacute;skumu.<\/p>\n\n\n\n<p>Spolo&#269;nos&#357; sa domnieva, &#382;e ide o &bdquo;spravodliv&eacute; pou&#382;itie&ldquo; ak&eacute;hoko&#318;vek tak&eacute;hoto materi&aacute;lu chr&aacute;nen&eacute;ho autorsk&yacute;mi pr&aacute;vami, ako je stanoven&eacute; v oddiele 107 z&aacute;kona Spojen&yacute;ch &scaron;t&aacute;tov americk&yacute;ch o autorsk&yacute;ch pr&aacute;vach.<\/p>\n\n\n\n<p>Ak chcete pou&#382;i&#357; materi&aacute;l chr&aacute;nen&yacute; autorsk&yacute;mi pr&aacute;vami zo Slu&#382;by na vlastn&eacute; &uacute;&#269;ely, ktor&eacute; presahuj&uacute; r&aacute;mec spravodliv&eacute;ho pou&#382;itia, mus&iacute;te z&iacute;ska&#357; povolenie od vlastn&iacute;ka autorsk&yacute;ch pr&aacute;v.<\/p>\n\n\n\n<h2 class=\"gb-headline gb-headline-a1185cce gb-headline-text\"><strong>Vyjadren&eacute; n&aacute;zory Zrieknutie sa zodpovednosti<\/strong><\/h2>\n\n\n\n<p>Slu&#382;ba m&ocirc;&#382;e obsahova&#357; n&aacute;zory a stanovisk&aacute;, ktor&eacute; s&uacute; n&aacute;zormi autorov a nemusia nevyhnutne odr&aacute;&#382;a&#357; ofici&aacute;lnu politiku alebo stanovisko ak&eacute;hoko&#318;vek in&eacute;ho autora, agent&uacute;ry, organiz&aacute;cie, zamestn&aacute;vate&#318;a alebo spolo&#269;nosti vr&aacute;tane spolo&#269;nosti.<\/p>\n\n\n\n<p>Za koment&aacute;re uverejnen&eacute; pou&#382;&iacute;vate&#318;mi nes&uacute; pln&uacute; zodpovednos&#357; pou&#382;&iacute;vatelia a nes&uacute; pln&uacute; zodpovednos&#357; za ak&eacute;ko&#318;vek ur&aacute;&#382;ky na cti alebo s&uacute;dne spory, ktor&eacute; vznikn&uacute; v d&ocirc;sledku nie&#269;oho nap&iacute;san&eacute;ho v koment&aacute;ri alebo ako priamy d&ocirc;sledok nie&#269;oho nap&iacute;san&eacute;ho v koment&aacute;ri. Spolo&#269;nos&#357; nenesie zodpovednos&#357; za koment&aacute;re uverejnen&eacute; pou&#382;&iacute;vate&#318;mi a vyhradzuje si pr&aacute;vo vymaza&#357; ak&yacute;ko&#318;vek koment&aacute;r z ak&eacute;hoko&#318;vek d&ocirc;vodu.<\/p>\n\n\n\n<h2 class=\"gb-headline gb-headline-27c17b52 gb-headline-text\"><strong>&#381;iadne vyhl&aacute;senie o zodpovednosti<\/strong><\/h2>\n\n\n\n<p>Inform&aacute;cie o Slu&#382;be s&uacute; poskytovan&eacute; s vedom&iacute;m, &#382;e Spolo&#269;nos&#357; sa tu nez&uacute;&#269;ast&#328;uje na poskytovan&iacute; pr&aacute;vneho, &uacute;&#269;tovn&eacute;ho, da&#328;ov&eacute;ho alebo in&eacute;ho odborn&eacute;ho poradenstva a slu&#382;ieb. Preto by sa nemal pou&#382;&iacute;va&#357; ako n&aacute;hrada za konzult&aacute;ciu s profesion&aacute;lnymi &uacute;&#269;tovn&yacute;mi, da&#328;ov&yacute;mi, pr&aacute;vnymi alebo in&yacute;mi kompetentn&yacute;mi poradcami.<\/p>\n\n\n\n<p>Spolo&#269;nos&#357; ani jej dod&aacute;vatelia v &#382;iadnom pr&iacute;pade nenes&uacute; zodpovednos&#357; za ak&eacute;ko&#318;vek osobitn&eacute;, n&aacute;hodn&eacute;, nepriame alebo n&aacute;sledn&eacute; &scaron;kody, ktor&eacute; vznikli v d&ocirc;sledku v&aacute;&scaron;ho pr&iacute;stupu k Slu&#382;be alebo jej pou&#382;&iacute;vania alebo nemo&#382;nosti pr&iacute;stupu k nej alebo jej pou&#382;&iacute;vania.<\/p>\n\n\n\n<h2 class=\"gb-headline gb-headline-ecae6832 gb-headline-text\"><strong>Zrieknutie sa zodpovednosti &bdquo;Pou&#382;&iacute;vanie na vlastn&eacute; riziko&ldquo;<\/strong><\/h2>\n\n\n\n<p>V&scaron;etky inform&aacute;cie v slu&#382;be s&uacute; poskytovan&eacute; &bdquo;tak, ako s&uacute;&ldquo;, bez z&aacute;ruky &uacute;plnosti, presnosti, v&#269;asnosti alebo v&yacute;sledkov dosiahnut&yacute;ch pou&#382;&iacute;van&iacute;m t&yacute;chto inform&aacute;ci&iacute; a bez akejko&#318;vek z&aacute;ruky, v&yacute;slovnej alebo implicitnej, vr&aacute;tane, ale bez obmedzenia na z&aacute;ruky v&yacute;konnosti, predajnosti a vhodnosti na konkr&eacute;tny &uacute;&#269;el.<\/p>\n\n\n\n<p>Spolo&#269;nos&#357; nenesie vo&#269;i v&aacute;m ani nikomu in&eacute;mu zodpovednos&#357; za &#382;iadne rozhodnutie alebo opatrenie prijat&eacute; na z&aacute;klade inform&aacute;ci&iacute; poskytnut&yacute;ch slu&#382;bou ani za &#382;iadne n&aacute;sledn&eacute;, osobitn&eacute; alebo podobn&eacute; &scaron;kody, a to ani v pr&iacute;pade, &#382;e bola na mo&#382;nos&#357; vzniku tak&yacute;chto &scaron;k&ocirc;d upozornen&aacute;.<\/p>\n\n\n\n<h2 class=\"gb-headline gb-headline-720d8264 gb-headline-text\"><strong>ZRIEKNUTIE SA ZODPOVEDNOSTI ZA VYSOKO RIZIKOV&Eacute; INVEST&Iacute;CIE<\/strong><\/h2>\n\n\n\n<p>&bdquo; Quantum ePrex 500 &ldquo; (&bdquo; Quantum ePrex 500 &ldquo;) umo&#382;&#328;uje svojim pou&#382;&iacute;vate&#318;om (&#271;alej len &bdquo;pou&#382;&iacute;vate&#318;&ldquo; alebo &bdquo;pou&#382;&iacute;vatelia&ldquo;) obchodova&#357; s vysoko &scaron;pekulat&iacute;vnymi invest&iacute;ciami, ktor&eacute; zah&#341;&#328;aj&uacute; zna&#269;n&eacute; riziko straty. Tak&eacute;to obchodovanie nie je vhodn&eacute; pre v&scaron;etk&yacute;ch investorov, preto sa pou&#382;&iacute;vatelia musia pred obchodovan&iacute;m uisti&#357;, &#382;e plne rozumej&uacute; rizik&aacute;m. &sbquo; Quantum ePrex 500 &sbquo; nespravuje ani nepon&uacute;ka &#382;iadne pr&aacute;vne, da&#328;ov&eacute;, &uacute;&#269;tovn&eacute; alebo investi&#269;n&eacute; poradenstvo alebo odpor&uacute;&#269;ania t&yacute;kaj&uacute;ce sa vhodnosti, ziskovosti, investi&#269;nej strat&eacute;gie alebo in&yacute;ch z&aacute;le&#382;itost&iacute; tohto druhu.<\/p>\n\n\n\n<p>V&scaron;etci pou&#382;&iacute;vatelia a potenci&aacute;lni pou&#382;&iacute;vatelia by si mali pozorne pre&#269;&iacute;ta&#357; nasleduj&uacute;ce Vyhl&aacute;senie o riziku a varovania obsiahnut&eacute; v tomto dokumente predt&yacute;m, ako po&#382;iadaj&uacute; &sbquo; Quantum 5.0 iFex &sbquo; o pou&#382;&iacute;vanie jeho softv&eacute;ru a predt&yacute;m, ako za&#269;n&uacute; obchodova&#357; na r&ocirc;znych finan&#269;n&yacute;ch trhoch pomocou r&ocirc;znych finan&#269;n&yacute;ch n&aacute;strojov. Upozor&#328;ujeme v&scaron;ak, &#382;e tento dokument nem&ocirc;&#382;e zverejni&#357; ani vysvetli&#357; v&scaron;etky rizik&aacute; a in&eacute; v&yacute;znamn&eacute; aspekty spojen&eacute; s obchodovan&iacute;m na Forexe, CFD a kryptomenami. Cie&#318;om tohto ozn&aacute;menia bolo spravodliv&yacute;m a nezav&aacute;dzaj&uacute;cim sp&ocirc;sobom v&scaron;eobecne vysvetli&#357; povahu riz&iacute;k spojen&yacute;ch s obchodovan&iacute;m s Forexom, CFD a kryptomenami.<\/p>\n\n\n\n<p>VZH&#317;ADOM NA VYSOK&Uacute; RIZIKOV&Uacute; POVARU OBCHODOVANIA, &sbquo; Quantum 5.0 iFex &sbquo; V&Yacute;SLOVNE NEPOSKYTUJE &#381;IADNE V&Yacute;SLOVN&Eacute; ANI IMPLICITN&Eacute; Z&Aacute;RUKY ANI ZARU&#268;UJE, &#381;E POU&#381;&Iacute;VATELIA Z&Iacute;SKAJ&Uacute; AK&Yacute;KO&#317;VEK ZISK ALEBO &#381;E POU&#381;&Iacute;VATELIA NESTRATU &#381;IADNE VKLADY ALEBO NEZ&Iacute;SKAJ&Uacute;.<\/p>\n\n\n\n<p><strong>Obchodovanie s Forexom, CFD a kryptomenami je VE&#317;MI &Scaron;PEKULAT&Iacute;VNE A VYSOKO RIZIKO a nie je vhodn&eacute; pre v&scaron;etk&yacute;ch &#269;lenov &scaron;irokej verejnosti, ale iba pre t&yacute;ch investorov, ktor&iacute;:<\/strong><\/p>\n\n\n\n<p>(a) ch&aacute;pu a s&uacute; ochotn&iacute; prevzia&#357; ekonomick&eacute;, pr&aacute;vne a in&eacute; rizik&aacute;, ktor&eacute; s&uacute; s t&yacute;m spojen&eacute;.<\/p>\n\n\n\n<p>(b) zoh&#318;ad&#328;uj&uacute; svoju osobn&uacute; finan&#269;n&uacute; situ&aacute;ciu, finan&#269;n&eacute; zdroje, &#382;ivotn&yacute; &scaron;t&yacute;l a z&aacute;v&auml;zky s&uacute; finan&#269;ne schopn&iacute; prevzia&#357; stratu celej invest&iacute;cie.<\/p>\n\n\n\n<p>(c) ma&#357; znalosti, ktor&eacute; umo&#382;&#328;uj&uacute; porozumie&#357; obchodovaniu s Forexom, CFD a kryptomenami, ako aj podkladov&yacute;m akt&iacute;vam a trhom.<\/p>\n\n\n\n<p>&bdquo; Quantum iFex Ai &ldquo; nebude pou&#382;&iacute;vate&#318;om poskytova&#357; &#382;iadne rady t&yacute;kaj&uacute;ce sa Forexu, CFD a kryptomien, podkladov&yacute;ch akt&iacute;v a trhov, ani nebude poskytova&#357; investi&#269;n&eacute; odpor&uacute;&#269;ania ak&eacute;hoko&#318;vek druhu. Ak teda Pou&#382;&iacute;vate&#318; nerozumie rizik&aacute;m, ktor&eacute; s t&yacute;m s&uacute;visia, mal by po&#382;iada&#357; o radu a konzult&aacute;ciu nez&aacute;visl&eacute;ho finan&#269;n&eacute;ho poradcu. Ak pou&#382;&iacute;vate&#318; st&aacute;le nerozumie rizik&aacute;m spojen&yacute;m s obchodovan&iacute;m na Forexe, CFD a kryptomenami, nemal by obchodova&#357; v&ocirc;bec.<\/p>\n\n\n\n<p>Forex, CFD a kryptomeny s&uacute; deriv&aacute;tov&eacute; finan&#269;n&eacute; n&aacute;stroje, ktor&eacute; odvodzuj&uacute; svoju hodnotu od cien podkladov&yacute;ch akt&iacute;v\/trhov, na ktor&eacute; sa vz&#357;ahuj&uacute; (napr&iacute;klad: meny, akciov&eacute; indexy, akcie, kovy, futures na indexy, forwardy at&#271;.). Je preto d&ocirc;le&#382;it&eacute;, aby pou&#382;&iacute;vate&#318; rozumel rizik&aacute;m spojen&yacute;m s obchodovan&iacute;m s pr&iacute;slu&scaron;n&yacute;m podkladov&yacute;m akt&iacute;vom\/trhom, preto&#382;e v&yacute;kyvy ceny podkladov&eacute;ho akt&iacute;va\/trhov ovplyvnia ziskovos&#357; jeho obchodu.<\/p>\n\n\n\n<h2 class=\"gb-headline gb-headline-a6193fd1 gb-headline-text\"><strong>Niektor&eacute; z t&yacute;chto riz&iacute;k zah&#341;&#328;aj&uacute;<\/strong><\/h2>\n\n\n\n<p>Volatilita &ndash; pohyby cien podkladov&yacute;ch akt&iacute;v\/trhov m&ocirc;&#382;u by&#357; volatiln&eacute; a nepredv&iacute;date&#318;n&eacute;. To bude ma&#357; priamy vplyv na zisky a straty pou&#382;&iacute;vate&#318;a. Pochopenie volatility podkladov&eacute;ho trhu pom&ocirc;&#382;e pou&#382;&iacute;vate&#318;om pri v&yacute;bere sp&ocirc;sobu obchodovania a v&yacute;&scaron;ky straty.<\/p>\n\n\n\n<p>V&yacute;kyvy na trhu &ndash; V&yacute;kyv je n&aacute;hly posun ceny podkladov&eacute;ho akt&iacute;va z jednej &uacute;rovne na druh&uacute;. K gapu m&ocirc;&#382;u vies&#357; r&ocirc;zne faktory (napr&iacute;klad ekonomick&eacute; udalosti alebo ozn&aacute;menia na trhu) a gap sa m&ocirc;&#382;e vyskytn&uacute;&#357;, ke&#271; je podkladov&yacute; trh otvoren&yacute; aj ke&#271; je zatvoren&yacute;. Ak sa tieto faktory vyskytn&uacute;, ke&#271; je podkladov&yacute; trh zatvoren&yacute;, cena podkladov&eacute;ho trhu pri jeho op&auml;tovnom otvoren&iacute; (a teda aj na&scaron;a odvoden&aacute; cena) sa m&ocirc;&#382;e v&yacute;razne l&iacute;&scaron;i&#357; od zatv&aacute;racej ceny, pri&#269;om medzi t&yacute;m nem&aacute;te mo&#382;nos&#357; uzavrie&#357; svoj obchod. &bdquo;Gapping&ldquo; m&ocirc;&#382;e vies&#357; k v&yacute;raznej strate (alebo zisku).<\/p>\n\n\n\n<p>Trhov&aacute; likvidita &ndash; Ceny Forexov, CFD a kryptomien bud&uacute; okrem in&eacute;ho ovplyvnen&eacute; meniacimi sa vz&#357;ahmi ponuky a dopytu, vl&aacute;dnymi, po&#318;nohospod&aacute;rskymi, obchodn&yacute;mi a komer&#269;n&yacute;mi programami a politikami, n&aacute;rodn&yacute;mi a medzin&aacute;rodn&yacute;mi politick&yacute;mi a ekonomick&yacute;mi udalos&#357;ami a prevl&aacute;daj&uacute;cimi psychologick&yacute;mi charakteristikami pr&iacute;slu&scaron;n&eacute;ho trhu a niektor&eacute; podkladov&eacute; akt&iacute;va Forexov, CFD a kryptomien sa nemusia sta&#357; okam&#382;ite likvidn&yacute;mi v d&ocirc;sledku zn&iacute;&#382;en&eacute;ho dopytu po podkladovom akt&iacute;ve. Trhov&eacute; podmienky sa teda m&ocirc;&#382;u v&yacute;razne zmeni&#357; vo ve&#318;mi kr&aacute;tkom &#269;ase, a preto za ur&#269;it&yacute;ch trhov&yacute;ch podmienok m&ocirc;&#382;e by&#357; nemo&#382;n&eacute; vykona&#357; pr&iacute;kaz pou&#382;&iacute;vate&#318;a, &#269;o m&ocirc;&#382;e vies&#357; k strat&aacute;m.<\/p>\n\n\n\n<p>Je zrejm&eacute;, &#382;e pri obchodovan&iacute; s menami m&ocirc;&#382;u nasta&#357; situ&aacute;cie, pohyby a\/alebo podmienky, ktor&eacute; sa vyskytn&uacute; cez v&iacute;kend, na za&#269;iatku t&yacute;&#382;d&#328;a alebo v priebehu d&#328;a po zverejnen&iacute; v&yacute;znamn&yacute;ch makroekonomick&yacute;ch &uacute;dajov, ekonomick&yacute;ch alebo politick&yacute;ch spr&aacute;v, ktor&eacute; sp&ocirc;sobia, &#382;e sa menov&eacute; trhy otvoria s cenov&yacute;mi &uacute;rov&#328;ami, ktor&eacute; sa m&ocirc;&#382;u v&yacute;razne l&iacute;&scaron;i&#357; od predch&aacute;dzaj&uacute;cich cien.<\/p>\n\n\n\n<h2 class=\"gb-headline gb-headline-d5691e4d gb-headline-text\"><strong>* VAROVANIE PRED VYSOKO RIZIKOV&Yacute;MI INVEST&Iacute;CIAMI *<\/strong><\/h2>\n\n\n\n<p>Obchodovanie s Forexom, CFD a kryptomenami zah&#341;&#328;a riziko straty invest&iacute;cie. Toto upozornenie na rizik&aacute; nem&ocirc;&#382;e odhali&#357; a ani neodha&#318;uje v&scaron;etky rizik&aacute; a in&eacute; v&yacute;znamn&eacute; aspekty obchodovania s opciami a deriv&aacute;tmi. Nemali by ste &scaron;pekulova&#357; s kapit&aacute;lom, ktor&yacute; si nem&ocirc;&#382;ete dovoli&#357; strati&#357;. Odpor&uacute;&#269;ame v&aacute;m, aby ste si pred za&#269;at&iacute;m pou&#382;&iacute;vania na&scaron;ej slu&#382;by pre&#269;&iacute;tali <a href=\"https:\/\/btcaussiesystem.cloud\/sk\/podmienky-a-ustanovenia\/\">Podmienky pou&#382;&iacute;vania a<\/a> <a href=\"https:\/\/btcaussiesystem.cloud\/sk\/zasady-ochrany-osobnych-udajov\/\">Z&aacute;sady ochrany osobn&yacute;ch &uacute;dajov<\/a>.<\/p>\n\n\n\n<h2 class=\"gb-headline gb-headline-d6c4834b gb-headline-text\"><strong>Kontaktujte n&aacute;s<\/strong><\/h2>\n\n\n\n<p>Ak m&aacute;te ak&eacute;ko&#318;vek ot&aacute;zky t&yacute;kaj&uacute;ce sa tohto vyhl&aacute;senia o odmietnut&iacute; zodpovednosti, m&ocirc;&#382;ete n&aacute;s kontaktova&#357;:<\/p>\n\n\n\n<ul class=\"wp-block-list\">\n<li>E-mailom: <a href=\"mailto:info@btcaussiesystem.com\">info@btcaussiesystem.com<\/a><\/li>\n\n\n\n<li>Nav&scaron;t&iacute;ven&iacute;m tejto str&aacute;nky na na&scaron;ej webovej str&aacute;nke: <a href=\"https:\/\/btcaussiesystem.cloud\/sk\/kontakt\/\">https:\/\/btcaussiesystem.cloud\/contact\/<\/a> <\/li>\n\n\n\n<li>Telefonicky: +61 2 9267 0429<\/li>\n<\/ul>\n\n<\/div>\n<\/div>\n","protected":false},"excerpt":{"rendered":"<p>VYL&Uacute;&#268;ENIE ZODPOVEDNOSTI &ndash; KW_00001 Posledn&aacute; aktualiz&aacute;cia: august 2023 V&yacute;klad a defin&iacute;cie V&yacute;klad Slov&aacute;, ktor&yacute;ch za&#269;iato&#269;n&eacute; p&iacute;smeno je ve&#318;k&eacute;, maj&uacute; v&yacute;znam definovan&yacute; za t&yacute;chto podmienok. Nasleduj&uacute;ce defin&iacute;cie maj&uacute; rovnak&yacute; v&yacute;znam bez oh&#318;adu na to, &#269;i s&uacute; uveden&eacute; v jednotnom alebo mno&#382;nom &#269;&iacute;sle. Defin&iacute;cie Na &uacute;&#269;ely tohto vyhl&aacute;senia o odmietnut&iacute; zodpovednosti: Zrieknutie sa zodpovednosti Inform&aacute;cie obsiahnut&eacute; v &#8230; <a title=\"VYHL\u00c1SENIE\" class=\"read-more\" href=\"https:\/\/btcaussiesystem.cloud\/sk\/vyhlasenie\/\" aria-label=\"Pre\u010d\u00edtajte si viac o VYHL\u00c1SENIE\">Read more<\/a><\/p>\n","protected":false},"author":1,"featured_media":0,"parent":0,"menu_order":0,"comment_status":"closed","ping_status":"closed","template":"","meta":{"footnotes":""},"class_list":["post-5923","page","type-page","status-publish"],"_links":{"self":[{"href":"https:\/\/btcaussiesystem.cloud\/sk\/wp-json\/wp\/v2\/pages\/5923","targetHints":{"allow":["GET"]}}],"collection":[{"href":"https:\/\/btcaussiesystem.cloud\/sk\/wp-json\/wp\/v2\/pages"}],"about":[{"href":"https:\/\/btcaussiesystem.cloud\/sk\/wp-json\/wp\/v2\/types\/page"}],"author":[{"embeddable":true,"href":"https:\/\/btcaussiesystem.cloud\/sk\/wp-json\/wp\/v2\/users\/1"}],"replies":[{"embeddable":true,"href":"https:\/\/btcaussiesystem.cloud\/sk\/wp-json\/wp\/v2\/comments?post=5923"}],"version-history":[{"count":0,"href":"https:\/\/btcaussiesystem.cloud\/sk\/wp-json\/wp\/v2\/pages\/5923\/revisions"}],"wp:attachment":[{"href":"https:\/\/btcaussiesystem.cloud\/sk\/wp-json\/wp\/v2\/media?parent=5923"}],"curies":[{"name":"wp","href":"https:\/\/api.w.org\/{rel}","templated":true}]}}