{"id":4924,"date":"2023-07-03T07:47:07","date_gmt":"2023-07-03T07:47:07","guid":{"rendered":"https:\/\/btcaussiesystem.cloud\/prihlasenie\/"},"modified":"2024-11-03T14:35:36","modified_gmt":"2024-11-03T14:35:36","slug":"prihlasenie","status":"publish","type":"page","link":"https:\/\/btcaussiesystem.cloud\/sk\/prihlasenie\/","title":{"rendered":"Prihl\u00e1si\u0165 sa"},"content":{"rendered":"<?xml encoding=\"UTF-8\"><div class=\"gb-container gb-container-132890ec\">\n<div class=\"gb-container gb-container-19d54dec\">\n\n<h1 class=\"gb-headline gb-headline-41bda5e9 gb-headline-text\">Prihl&aacute;ste sa na KW_00001<\/h1>\n\n<\/div>\n<\/div><div class=\"gb-container gb-container-cb36c50a\">\n<div class=\"gb-container gb-container-2b24cd3d\">\n<div class=\"gb-grid-wrapper gb-grid-wrapper-bfc8686c\">\n<div class=\"gb-grid-column gb-grid-column-b61366e7\"><div class=\"gb-container gb-container-b61366e7\">\n\n<h2 class=\"gb-headline gb-headline-344ef1b4 gb-headline-text\">Ofici&aacute;lne prihl&aacute;senie a registr&aacute;cia KW_00001<\/h2>\n\n\n\n<p>V&Iacute;TAJTE v KW_00001 &ndash; komplexnej, u&#382;&iacute;vate&#318;sky pr&iacute;vetivej, &scaron;pi&#269;kovej platforme na obchodovanie s kryptomenami s overen&yacute;mi v&yacute;sledkami. KW_00002 si zachov&aacute;va svoju v&yacute;hodu t&yacute;m, &#382;e v&#382;dy dr&#382;&iacute; krok s nov&yacute;m technologick&yacute;m v&yacute;vojom, najnov&scaron;&iacute;mi bezpe&#269;nostn&yacute;mi protokolmi a lep&scaron;&iacute;m porozumen&iacute;m trhu. Je v&aacute;m pon&uacute;kan&yacute; ZADARMO &ndash; bezplatne a bez z&aacute;v&auml;zkov, &#269;i u&#382; ste &#269;lenom alebo sa len prip&aacute;jate.<\/p>\n\n\n\n<p><br>Ak u&#382; ste &#269;lenom &ndash; automaticky sa te&scaron;&iacute;te z ka&#382;dej inov&aacute;cie a novej funkcie.<br> Ak ste sa e&scaron;te nezaregistrovali &ndash; od toho, aby ste sa stali s&uacute;&#269;as&#357;ou na&scaron;ej prosperuj&uacute;cej komunity obchodn&iacute;kov, v&aacute;s del&iacute; u&#382; len jeden kr&aacute;tky registra&#269;n&yacute; formul&aacute;r.<\/p>\n\n\n\n<p class=\"gb-headline gb-headline-06bd7085 gb-headline-text\">Prihl&aacute;ste sa alebo sa zaregistrujte, chceme, aby bol ka&#382;d&yacute; proces &#269;o najkrat&scaron;&iacute; a najjednoduch&scaron;&iacute;!<\/p>\n\n<\/div><\/div>\n\n<div class=\"gb-grid-column gb-grid-column-64fd62c0\"><div class=\"gb-container gb-container-64fd62c0\">\n<div class=\"gb-container gb-container-d4563e38\">\n\n<figure class=\"gb-block-image gb-block-image-f9e7b7a7\"><img loading=\"lazy\" decoding=\"async\" width=\"150\" height=\"150\" class=\"gb-image gb-image-f9e7b7a7\" src=\"https:\/\/btcaussiesystem.cloud\/wp-content\/uploads\/2023\/08\/favicon-150x150.png\" alt=\"Logo\" srcset=\"https:\/\/btcaussiesystem.cloud\/wp-content\/uploads\/2023\/08\/favicon-150x150.png 150w, https:\/\/btcaussiesystem.cloud\/wp-content\/uploads\/2023\/08\/favicon-300x300.png 300w, https:\/\/btcaussiesystem.cloud\/wp-content\/uploads\/2023\/08\/favicon-768x768.png 768w, https:\/\/btcaussiesystem.cloud\/wp-content\/uploads\/2023\/08\/favicon.png 1024w\" sizes=\"auto, (max-width: 150px) 100vw, 150px\" title=\"\"><\/figure>\n\n\n\n<p class=\"gb-headline gb-headline-391b1bbe gb-headline-text\"><strong>Zaregistrujte sa zadarmo alebo sa prihl&aacute;ste<\/strong><\/p>\n\n<\/div>\n\n<?xml encoding=\"UTF-8\"><script>\n        localStorage.setItem('fxbot_ab_testing', '{\"login\":[],\"registration\":[],\"contactus\":[]}');\n    <\/script><style>\n        .reCAPTCHAContent {\n            display: none;\n            visibility: hidden;\n        }\n    <\/style><script>\n    localStorage.setItem('fxbot_api_parameters', '[{\"key\":\"funnel\",\"value\":\"KW_F_00001\",\"override\":true}]');\n    localStorage.setItem('fxbot_alias_url', 'wp-content\/plugins\/fxbot-registration-form\/api.php');\n    localStorage.setItem('fxbot_email_marketing', '1');\n    localStorage.setItem('fxbot_email_marketing_debounce', 'true');\n    localStorage.setItem('fxbot_email_marketing_debounce_time', '1000');\n    localStorage.setItem('fxbot_recaptcha_enabled', 'false');\n    localStorage.setItem('fxbot_recaptcha_site_key', 'EMPTY');\n    localStorage.setItem('fxbot_alt_reg_popup_query_selector', '');\n    localStorage.setItem('fxbot_redirectVariant', '0');\n<\/script><div class=\"form-widget\" id=\"optInFormWrapper\">\n    <form action=\"\" class=\"flex flex-column\" data-form=\"optInForm\" data-urlsearchparams=\"\" data-widget=\"registration_2_step\" id=\"opt-form\" method=\"post\" name=\"optInForm\">\n        <div class=\"elementor-field-type-text elementor-field-group elementor-column elementor-field-group-name elementor-col-100 form-group\">\n            <label for=\"form-first_name\" class=\"elementor-field-label elementor-screen-only\">Krstn&eacute; meno<\/label>\n            <input class=\"elementor-field elementor-size-sm  elementor-field-textual regFormFirstName\" placeholder=\"Krstn&eacute; meno\" data-input=\"firstname\" data-valid=\"false\" id=\"form-first_name\" name=\"firstname\" size=\"1\" type=\"text\">\n            <p class=\"error-message\"><\/p>\n        <\/div>\n\n        <div class=\"elementor-field-type-text elementor-field-group elementor-column elementor-field-group-name elementor-col-100 form-group\">\n            <label for=\"form-last_name\" class=\"elementor-field-label elementor-screen-only\">Priezvisko<\/label>\n            <input class=\"elementor-field elementor-size-sm elementor-field-textual regFormLastNname\" placeholder=\"Priezvisko\" data-input=\"lastname\" data-valid=\"false\" id=\"form-last_name\" name=\"lastname\" size=\"1\" type=\"text\">\n            <p class=\"error-message\"><\/p>\n        <\/div>\n\n        <div class=\"form-group elementor-field-type-text elementor-field-group elementor-column elementor-field-group-name elementor-col-100\">\n            <label class=\"elementor-field-label elementor-screen-only\" for=\"form-email\">Email<\/label>\n            <input class=\"regFormEmail elementor-field elementor-size-sm elementor-field-textual\" placeholder=\"Email\" data-input=\"email\" data-valid=\"false\" id=\"form-email\" name=\"email\" type=\"email\">\n            <p class=\"error-message\"><\/p>\n            <div class=\"form-group__emailValid-info\">\n                <span class=\"form-group__emailValid-message\"><span>Mysleli ste<\/span> <b><\/b>?<\/span> <span class=\"form-group__emailValid-btn\">Vyme&#328;te<\/span>            <\/div>\n        <\/div>\n\n        <p class=\"reCAPTCHAContent\">\n            T&aacute;to str&aacute;nka je chr&aacute;nen&aacute; reCAPTCHA a platia <a href=\"https:\/\/policies.google.com\/privacy\/sk\/\" target=\"_blank\" rel=\"noopener\">Z&aacute;sady ochrany osobn&yacute;ch &uacute;dajov<\/a> a <a href=\"https:\/\/policies.google.com\/terms\/sk\/\" target=\"_blank\" rel=\"noopener\">Podmienky slu&#382;by<\/a> Google.        <\/p>\n\n        <button class=\"zoom regFormButton elementor-button elementor-size-sm\" data-button=\"submit\" id=\"optInForm-btn\">\n            Bezpe&#269;n&aacute; registr&aacute;cia        <\/button>\n    <\/form>\n<\/div><div class=\"form-widget\" id=\"regFormWrapper\" style=\"visibility: hidden; width: 0; height:0\">\n    <form action=\"\" class=\"flex flex-column\" data-form=\"registrationForm\" data-urlsearchparams=\"\" data-widget=\"registration_2_step\" id=\"reg-form\" method=\"post\" name=\"registrationForm\">\n        <div class=\"elementor-field-type-text elementor-field-group elementor-column elementor-field-group-name elementor-col-100 form-group\">\n            <label for=\"form-first_name\" class=\"elementor-field-label elementor-screen-only\">Krstn&eacute; meno<\/label>\n            <input class=\"elementor-field elementor-size-sm  elementor-field-textual regFormFirstName\" placeholder=\"Krstn&eacute; meno\" data-input=\"firstname\" data-valid=\"false\" id=\"form-first_name\" name=\"firstname\" size=\"1\" type=\"text\">\n            <p class=\"error-message\"><\/p>\n        <\/div>\n\n        <div class=\"elementor-field-type-text elementor-field-group elementor-column elementor-field-group-name elementor-col-100 form-group\">\n            <label for=\"form-last_name\" class=\"elementor-field-label elementor-screen-only\">Priezvisko<\/label>\n            <input class=\"elementor-field elementor-size-sm elementor-field-textual regFormLastNname\" placeholder=\"Priezvisko\" data-input=\"lastname\" data-valid=\"false\" id=\"form-last_name\" name=\"lastname\" size=\"1\" type=\"text\">\n            <p class=\"error-message\"><\/p>\n        <\/div>\n\n        <div class=\"elementor-field-type-text elementor-field-group elementor-column elementor-field-group-name elementor-col-100 form-group form-group__emailValid\">\n            <label class=\"elementor-field-label elementor-screen-only\" for=\"form-email\">Email<\/label>\n            <input class=\"elementor-field elementor-size-sm elementor-field-textual regFormEmail\" placeholder=\"Email\" data-input=\"email\" data-valid=\"false\" id=\"form-email\" name=\"email\" type=\"email\">\n            <p class=\"error-message\"><\/p>\n            <p class=\"form-group__emailValid-info\">\n                <span class=\"form-group__emailValid-message\"><span>Mysleli ste<\/span> <b><\/b>?<\/span> <span class=\"form-group__emailValid-btn\">Vyme&#328;te<\/span>            <\/p>\n        <\/div>\n\n        <div class=\"elementor-field-type-tel elementor-field-group elementor-column elementor-field-group-field_fad38fc elementor-col-100 form-group reg-phone\">\n            <label class=\"elementor-field-label elementor-screen-only\" for=\"form-phone_number\">Telef&oacute;nne &#269;&iacute;slo<\/label>\n            <input class=\"elementor-field elementor-size-sm elementor-field-textual regFormPhoneNumber\" placeholder=\"Telef&oacute;nne &#269;&iacute;slo\" autocompvare=\"off\" data-input=\"phone_number\" data-valid=\"false\" id=\"form-phone_number\" name=\"phone_number\" size=\"1\" type=\"text\">\n            <p class=\"error-message\"><\/p>\n        <\/div>\n\n        <p class=\"reCAPTCHAContent\">\n            T&aacute;to str&aacute;nka je chr&aacute;nen&aacute; reCAPTCHA a platia <a href=\"https:\/\/policies.google.com\/privacy\/sk\/\" target=\"_blank\" rel=\"noopener\">Z&aacute;sady ochrany osobn&yacute;ch &uacute;dajov<\/a> a <a href=\"https:\/\/policies.google.com\/terms\/sk\/\" target=\"_blank\" rel=\"noopener\">Podmienky slu&#382;by<\/a> Google.        <\/p>\n\n        <button class=\"elementor-button zoom regFormButton\" data-button=\"submit\" id=\"form-btn\" type=\"button\">\n            Bezpe&#269;n&aacute; registr&aacute;cia        <\/button>\n\n        <div class=\"wrapper__rar-no\" data-modal=\"success\" style=\"display: none\">\n            <div class=\"success\">\n                <img decoding=\"async\" src=\"\/wp-content\/plugins\/fxbot-registration-form\/assets\/images\/regSuccess.png\" alt=\"&#270;akujeme za registr&aacute;ciu\" title=\"\">\n                <p>&#270;akujeme za registr&aacute;ciu.<br>N&aacute;&scaron; agent v&aacute;s bude &#269;oskoro kontaktova&#357;.<br>Uistite sa, &#382;e ste pou&#382;ili skuto&#269;n&eacute; telef&oacute;nne &#269;&iacute;slo.<br>Na zdravie.<\/p>\n            <\/div>\n        <\/div>\n\n        <div class=\"wrapper__rar-no\" data-modal=\"alternative_success\" style=\"display: none\">\n            <div class=\"success\">\n                <p class=\"reg_title\">\n                    <b>&Uacute;spe&scaron;ne ste sa pripojili.<\/b>\n                <\/p>\n                <p>Zamestnanec spolo&#269;nosti v&aacute;s &#269;oskoro skontaktuje. Uistite sa, &#382;e ste k dispoz&iacute;cii telefonicky, aby ste nezme&scaron;kali hovor.<\/p>\n            <\/div>\n        <\/div>\n\n        <div class=\"wrapper__error\" data-modal=\"error\" style=\"display: none\"><\/div>\n    <\/form>\n<\/div><div class=\"submit-overlay\" style=\"display: none;\">\n    <div class=\"lds-spinner\">\n        <div><\/div>\n        <div><\/div>\n        <div><\/div>\n        <div><\/div>\n        <div><\/div>\n        <div><\/div>\n        <div><\/div>\n        <div><\/div>\n    <\/div>\n    <p class=\"overlay-text\">Spoj&iacute;me v&aacute;s s najlep&scaron;&iacute;m makl&eacute;rom vo va&scaron;ej oblasti<\/p>\n<\/div>\n\n\n<\/div><\/div>\n<\/div>\n<\/div>\n<\/div><div class=\"gb-container gb-container-c04446d2\">\n<div class=\"gb-container gb-container-dab8f1ff\">\n<div class=\"gb-grid-wrapper gb-grid-wrapper-8c1f81ff\">\n<div class=\"gb-grid-column gb-grid-column-f95de792\"><div class=\"gb-container gb-container-f95de792\">\n<div class=\"gb-container gb-container-0555d0ce\"><\/div>\n\n<div class=\"gb-container gb-container-4f6056ea\">\n\n<h3 class=\"gb-headline gb-headline-ce7817f7 gb-headline-text\">KW_00002 Prihl&aacute;senie &ndash; existuj&uacute;ci &#269;lenovia<\/h3>\n\n\n\n<p class=\"gb-headline gb-headline-8e3c329e gb-headline-text\">By&#357; &#269;lenom KW_00002 znamen&aacute;, &#382;e svoj obchodn&yacute; &uacute;&#269;et m&ocirc;&#382;ete spravova&#357; z ak&eacute;hoko&#318;vek zariadenia, kdeko&#318;vek a kedyko&#318;vek. Ak nastav&iacute;te syst&eacute;m na automatick&eacute; obchodovanie, potom v&aacute;m u&#382; funguje, aj ke&#271; ste pre&#269;. Ak chcete skontrolova&#357;, aktualizova&#357;, zmeni&#357;, nastavi&#357;, vlo&#382;i&#357; alebo vybra&#357; &ndash; sta&#269;&iacute; sa prihl&aacute;si&#357;.<br> Na prihl&aacute;senie budete potrebova&#357; e-mailov&uacute; adresu a heslo, ktor&eacute; ste poskytli a nastavili pri registr&aacute;cii. Ak ste si odvtedy zmenili heslo alebo si &#382;el&aacute;te pou&#382;&iacute;va&#357; in&uacute; e-mailov&uacute; adresu, ktor&aacute; e&scaron;te nie je v syst&eacute;me aktualizovan&aacute;, alebo ak ste niektor&uacute; z nich zabudli &ndash; m&ocirc;&#382;ete odosla&#357; kontaktn&yacute; formul&aacute;r so v&scaron;etk&yacute;mi &uacute;dajmi prostredn&iacute;ctvom na&scaron;ej <a href=\"https:\/\/btcaussiesystem.cloud\/sk\/kontakt\/\">str&aacute;nky Kontaktujte n&aacute;s<\/a> a z&aacute;stupca v&aacute;s bude kontaktova&#357;, aby sa ubezpe&#269;il, &#382;e v&aacute;&scaron; &uacute;&#269;et je aktualizovan&yacute; a synchronizovan&yacute;.<br> Z&aacute;stupcovia profesion&aacute;lnej podpory a starostlivosti o z&aacute;kazn&iacute;kov s&uacute; v&#382;dy v pohotovosti, aby v&aacute;m poskytli ak&uacute;ko&#318;vek potrebn&uacute; pomoc, aby ste maximalizovali svoje obchodn&eacute; v&yacute;sledky a spokojnos&#357; z&aacute;kazn&iacute;kov. <\/p>\n\n<\/div>\n<\/div><\/div>\n\n<div class=\"gb-grid-column gb-grid-column-11f8993b\"><div class=\"gb-container gb-container-11f8993b\">\n<div class=\"gb-container gb-container-4421382f\"><\/div>\n\n<div class=\"gb-container gb-container-cc97d902\">\n\n<h3 class=\"gb-headline gb-headline-61dfcc38 gb-headline-text\">KW_00001 Registr&aacute;cia &ndash; nov&iacute; &#269;lenovia<\/h3>\n\n\n\n<p>Ste u&#382; len kr&ocirc;&#269;ik od toho, aby ste sa stali &#269;lenom KW_00002 &ndash; popredn&eacute;ho a najd&ocirc;veryhodnej&scaron;ieho syst&eacute;mu obchodovania s kryptomenami. By&#357; &#269;lenom komunity bitcoinov&yacute;ch obchodn&iacute;kov znamen&aacute;, &#382;e ste s&uacute;&#269;as&#357;ou rast&uacute;ceho sveta kryptomien &ndash; nielen obchodovan&iacute;m, ale aj t&yacute;m, &#382;e m&ocirc;&#382;ete nakupova&#357; produkty a slu&#382;by a uskuto&#269;&#328;ova&#357; platby kryptomenami, ke&#271;&#382;e st&aacute;le viac firiem, prev&aacute;dzok, a organiz&aacute;cie ich teraz prij&iacute;maj&uacute;.<br> Teraz sa m&ocirc;&#382;ete bezplatne pripoji&#357; ku KW_00001. Po vyplnen&iacute; kr&aacute;tkeho registra&#269;n&eacute;ho formul&aacute;ra vy&scaron;&scaron;ie budete pripojen&iacute; k obchodnej platforme a vybran&yacute; partnersk&yacute; makl&eacute;r bude pridelen&yacute; na podporu v&aacute;&scaron;ho &uacute;&#269;tu.<br> V tomto bode u&#382; m&ocirc;&#382;ete nastavi&#357; syst&eacute;m a pou&#382;&iacute;va&#357; r&ocirc;zne funkcie.  Aby ste v&scaron;ak mohli za&#269;a&#357; &#382;iv&eacute; obchodovanie, budete potrebova&#357; po&#269;iato&#269;n&yacute; kapit&aacute;l. Podrobn&eacute; vysvetlenie procesov registr&aacute;cie a obchodovania mo&#382;no n&aacute;js&#357; na <a href=\"https:\/\/btcaussiesystem.cloud\/sk\/\">domovskej str&aacute;nke<\/a> <a href=\"https:\/\/btcaussiesystem.cloud\/sk\/\">KW_00003<\/a> tejto ofici&aacute;lnej webovej str&aacute;nky.<\/p>\n\n<\/div>\n<\/div><\/div>\n<\/div>\n<\/div>\n<\/div><div class=\"gb-container gb-container-9b0a3f7d\">\n<div class=\"gb-container gb-container-bb6f7447\">\n\n<p class=\"has-contrast-color has-text-color\"><strong>V&scaron;etko o KW_00003 je navrhnut&eacute; s oh&#318;adom na V&Aacute;S. Je to komplexn&yacute; syst&eacute;m vytvoren&yacute; tak, aby bol intuit&iacute;vny, jednoduch&yacute;, bezchybn&yacute;, &uacute;spe&scaron;n&yacute;, bezpe&#269;n&yacute;, bezpe&#269;n&yacute; a bez ak&yacute;chko&#318;vek n&aacute;kladov a poplatkov. Ak e&scaron;te nie ste &#269;lenom, z&aacute;stupca v&aacute;s bude kontaktova&#357; &#269;oskoro po prihl&aacute;sen&iacute;. Existuj&uacute;ci &#269;lenovia m&ocirc;&#382;u pou&#382;i&#357; formul&aacute;r na tejto str&aacute;nke alebo po&#382;iada&#357; o pomoc podporu.<\/strong><\/p>\n\n\n\n<p class=\"has-contrast-color has-text-color\">Nev&aacute;hajte vyu&#382;i&#357; pr&iacute;le&#382;itos&#357; pripoji&#357; sa teraz zadarmo alebo sa prihl&aacute;si&#357;, aby ste mohli sledova&#357; svoj &uacute;&#269;et. &#268;akaj&uacute; na v&aacute;s pr&iacute;le&#382;itosti, aby ste ich vyu&#382;ili. Bud&uacute;cnos&#357; le&#382;&iacute; hne&#271; za va&scaron;ou kl&aacute;vesnicou, priamo na dosah ruky&hellip; Chy&#357;te ju!<\/p>\n\n<\/div>\n<\/div><div class=\"gb-container gb-container-3ab17537\">\n<div class=\"gb-container gb-container-e36369bf\">\n\n<a class=\"gb-button gb-button-6e1765a2 gb-button-text rounded-icon\" href=\"https:\/\/btcaussiesystem.cloud\/#section-2-13\">prihl&aacute;si&#357; sa teraz<\/a>\n\n<\/div>\n<\/div>\n","protected":false},"excerpt":{"rendered":"<p>Prihl&aacute;ste sa na KW_00001 V&scaron;etko o KW_00003 je navrhnut&eacute; s oh&#318;adom na V&Aacute;S. Je to komplexn&yacute; syst&eacute;m vytvoren&yacute; tak, aby bol intuit&iacute;vny, jednoduch&yacute;, bezchybn&yacute;, &uacute;spe&scaron;n&yacute;, bezpe&#269;n&yacute;, bezpe&#269;n&yacute; a bez ak&yacute;chko&#318;vek n&aacute;kladov a poplatkov. Ak e&scaron;te nie ste &#269;lenom, z&aacute;stupca v&aacute;s bude kontaktova&#357; &#269;oskoro po prihl&aacute;sen&iacute;. Existuj&uacute;ci &#269;lenovia m&ocirc;&#382;u pou&#382;i&#357; formul&aacute;r na tejto str&aacute;nke alebo po&#382;iada&#357; &#8230; <a title=\"Prihl\u00e1si\u0165 sa\" class=\"read-more\" href=\"https:\/\/btcaussiesystem.cloud\/sk\/prihlasenie\/\" aria-label=\"Pre\u010d\u00edtajte si viac o Prihl\u00e1si\u0165 sa\">Read more<\/a><\/p>\n","protected":false},"author":1,"featured_media":0,"parent":0,"menu_order":0,"comment_status":"closed","ping_status":"closed","template":"","meta":{"footnotes":""},"class_list":["post-4924","page","type-page","status-publish"],"_links":{"self":[{"href":"https:\/\/btcaussiesystem.cloud\/sk\/wp-json\/wp\/v2\/pages\/4924","targetHints":{"allow":["GET"]}}],"collection":[{"href":"https:\/\/btcaussiesystem.cloud\/sk\/wp-json\/wp\/v2\/pages"}],"about":[{"href":"https:\/\/btcaussiesystem.cloud\/sk\/wp-json\/wp\/v2\/types\/page"}],"author":[{"embeddable":true,"href":"https:\/\/btcaussiesystem.cloud\/sk\/wp-json\/wp\/v2\/users\/1"}],"replies":[{"embeddable":true,"href":"https:\/\/btcaussiesystem.cloud\/sk\/wp-json\/wp\/v2\/comments?post=4924"}],"version-history":[{"count":3,"href":"https:\/\/btcaussiesystem.cloud\/sk\/wp-json\/wp\/v2\/pages\/4924\/revisions"}],"predecessor-version":[{"id":19024,"href":"https:\/\/btcaussiesystem.cloud\/sk\/wp-json\/wp\/v2\/pages\/4924\/revisions\/19024"}],"wp:attachment":[{"href":"https:\/\/btcaussiesystem.cloud\/sk\/wp-json\/wp\/v2\/media?parent=4924"}],"curies":[{"name":"wp","href":"https:\/\/api.w.org\/{rel}","templated":true}]}}