{"id":4922,"date":"2023-07-03T07:47:07","date_gmt":"2023-07-03T07:47:07","guid":{"rendered":"https:\/\/btcaussiesystem.cloud\/kirjaudu-sisaan\/"},"modified":"2024-11-03T14:35:52","modified_gmt":"2024-11-03T14:35:52","slug":"kirjaudu-sisaan","status":"publish","type":"page","link":"https:\/\/btcaussiesystem.cloud\/fi\/kirjaudu-sisaan\/","title":{"rendered":"Kirjaudu sis\u00e4\u00e4n"},"content":{"rendered":"<?xml encoding=\"UTF-8\"><div class=\"gb-container gb-container-132890ec\">\n<div class=\"gb-container gb-container-19d54dec\">\n\n<h1 class=\"gb-headline gb-headline-41bda5e9 gb-headline-text\">Kirjaudu sis&auml;&auml;n KW_00001:een<\/h1>\n\n<\/div>\n<\/div><div class=\"gb-container gb-container-cb36c50a\">\n<div class=\"gb-container gb-container-2b24cd3d\">\n<div class=\"gb-grid-wrapper gb-grid-wrapper-bfc8686c\">\n<div class=\"gb-grid-column gb-grid-column-b61366e7\"><div class=\"gb-container gb-container-b61366e7\">\n\n<h2 class=\"gb-headline gb-headline-344ef1b4 gb-headline-text\">Virallinen KW_00001 kirjautuminen ja rekister&ouml;inti<\/h2>\n\n\n\n<p>TERVETULOA KW_00001:een &ndash; Kaiken kattavaan, k&auml;ytt&auml;j&auml;yst&auml;v&auml;lliseen, huippuluokan, tulokset todistettuihin kryptovaluuttojen kaupank&auml;yntialustaan. KW_00002 s&auml;ilytt&auml;&auml; etunsa pysym&auml;ll&auml; aina uuden teknologian kehityksen, uusimpien suojausprotokollien ja paremman markkinaymm&auml;rryksen mukana. Se tarjotaan sinulle ILMAISEKSI &ndash; veloituksetta ja ilman velvoitteita, olitpa jo j&auml;sen tai vain liittym&auml;ss&auml;.<\/p>\n\n\n\n<p><br>Jos olet jo j&auml;sen &ndash; nautit automaattisesti jokaisesta p&auml;ivityksest&auml; ja uudesta ominaisuudesta.<br> Jos et ole viel&auml; rekister&ouml;itynyt &ndash; olet vain yhden lyhyen rekister&ouml;intilomakkeen p&auml;&auml;ss&auml; liitty&auml;ksesi osaksi kukoistavaa kauppiaiden yhteis&ouml;&auml;mme.<\/p>\n\n\n\n<p class=\"gb-headline gb-headline-06bd7085 gb-headline-text\">Kirjaudu sis&auml;&auml;n tai rekister&ouml;idy, haluamme jokaisen prosessin olevan mahdollisimman lyhyt ja yksinkertainen!<\/p>\n\n<\/div><\/div>\n\n<div class=\"gb-grid-column gb-grid-column-64fd62c0\"><div class=\"gb-container gb-container-64fd62c0\">\n<div class=\"gb-container gb-container-d4563e38\">\n\n<figure class=\"gb-block-image gb-block-image-f9e7b7a7\"><img loading=\"lazy\" decoding=\"async\" width=\"150\" height=\"150\" class=\"gb-image gb-image-f9e7b7a7\" src=\"https:\/\/btcaussiesystem.cloud\/wp-content\/uploads\/2023\/08\/favicon-150x150.png\" alt=\"Logo\" srcset=\"https:\/\/btcaussiesystem.cloud\/wp-content\/uploads\/2023\/08\/favicon-150x150.png 150w, https:\/\/btcaussiesystem.cloud\/wp-content\/uploads\/2023\/08\/favicon-300x300.png 300w, https:\/\/btcaussiesystem.cloud\/wp-content\/uploads\/2023\/08\/favicon-768x768.png 768w, https:\/\/btcaussiesystem.cloud\/wp-content\/uploads\/2023\/08\/favicon.png 1024w\" sizes=\"auto, (max-width: 150px) 100vw, 150px\" title=\"\"><\/figure>\n\n\n\n<p class=\"gb-headline gb-headline-391b1bbe gb-headline-text\"><strong>Rekister&ouml;idy ilmaiseksi tai kirjaudu sis&auml;&auml;n<\/strong><\/p>\n\n<\/div>\n\n<?xml encoding=\"UTF-8\"><script>\n        localStorage.setItem('fxbot_ab_testing', '{\"login\":[],\"registration\":[],\"contactus\":[]}');\n    <\/script><style>\n        .reCAPTCHAContent {\n            display: none;\n            visibility: hidden;\n        }\n    <\/style><script>\n    localStorage.setItem('fxbot_api_parameters', '[{\"key\":\"funnel\",\"value\":\"KW_F_00001\",\"override\":true}]');\n    localStorage.setItem('fxbot_alias_url', 'wp-content\/plugins\/fxbot-registration-form\/api.php');\n    localStorage.setItem('fxbot_email_marketing', '1');\n    localStorage.setItem('fxbot_email_marketing_debounce', 'true');\n    localStorage.setItem('fxbot_email_marketing_debounce_time', '1000');\n    localStorage.setItem('fxbot_recaptcha_enabled', 'false');\n    localStorage.setItem('fxbot_recaptcha_site_key', 'EMPTY');\n    localStorage.setItem('fxbot_alt_reg_popup_query_selector', '');\n    localStorage.setItem('fxbot_redirectVariant', '0');\n<\/script><div class=\"form-widget\" id=\"optInFormWrapper\">\n    <form action=\"\" class=\"flex flex-column\" data-form=\"optInForm\" data-urlsearchparams=\"\" data-widget=\"registration_2_step\" id=\"opt-form\" method=\"post\" name=\"optInForm\">\n        <div class=\"elementor-field-type-text elementor-field-group elementor-column elementor-field-group-name elementor-col-100 form-group\">\n            <label for=\"form-first_name\" class=\"elementor-field-label elementor-screen-only\">Etunimi<\/label>\n            <input class=\"elementor-field elementor-size-sm  elementor-field-textual regFormFirstName\" placeholder=\"Etunimi\" data-input=\"firstname\" data-valid=\"false\" id=\"form-first_name\" name=\"firstname\" size=\"1\" type=\"text\">\n            <p class=\"error-message\"><\/p>\n        <\/div>\n\n        <div class=\"elementor-field-type-text elementor-field-group elementor-column elementor-field-group-name elementor-col-100 form-group\">\n            <label for=\"form-last_name\" class=\"elementor-field-label elementor-screen-only\">Sukunimi<\/label>\n            <input class=\"elementor-field elementor-size-sm elementor-field-textual regFormLastNname\" placeholder=\"Sukunimi\" data-input=\"lastname\" data-valid=\"false\" id=\"form-last_name\" name=\"lastname\" size=\"1\" type=\"text\">\n            <p class=\"error-message\"><\/p>\n        <\/div>\n\n        <div class=\"form-group elementor-field-type-text elementor-field-group elementor-column elementor-field-group-name elementor-col-100\">\n            <label class=\"elementor-field-label elementor-screen-only\" for=\"form-email\">S&auml;hk&ouml;posti<\/label>\n            <input class=\"regFormEmail elementor-field elementor-size-sm elementor-field-textual\" placeholder=\"S&auml;hk&ouml;posti\" data-input=\"email\" data-valid=\"false\" id=\"form-email\" name=\"email\" type=\"email\">\n            <p class=\"error-message\"><\/p>\n            <div class=\"form-group__emailValid-info\">\n                <span class=\"form-group__emailValid-message\"><span>Tarkoititko<\/span> <b><\/b>?<\/span> <span class=\"form-group__emailValid-btn\">Korvata<\/span>            <\/div>\n        <\/div>\n\n        <p class=\"reCAPTCHAContent\">\n            T&auml;m&auml; sivusto on suojattu reCAPTCHA:lla, ja <a href=\"https:\/\/policies.google.com\/privacy\/fi\/\" target=\"_blank\" rel=\"noopener\">Googlen tietosuojak&auml;yt&auml;nt&ouml;<\/a> ja <a href=\"https:\/\/policies.google.com\/terms\/fi\/\" target=\"_blank\" rel=\"noopener\">k&auml;ytt&ouml;ehdot<\/a> ovat voimassa.        <\/p>\n\n        <button class=\"zoom regFormButton elementor-button elementor-size-sm\" data-button=\"submit\" id=\"optInForm-btn\">\n            Turvallinen rekister&ouml;inti        <\/button>\n    <\/form>\n<\/div><div class=\"form-widget\" id=\"regFormWrapper\" style=\"visibility: hidden; width: 0; height:0\">\n    <form action=\"\" class=\"flex flex-column\" data-form=\"registrationForm\" data-urlsearchparams=\"\" data-widget=\"registration_2_step\" id=\"reg-form\" method=\"post\" name=\"registrationForm\">\n        <div class=\"elementor-field-type-text elementor-field-group elementor-column elementor-field-group-name elementor-col-100 form-group\">\n            <label for=\"form-first_name\" class=\"elementor-field-label elementor-screen-only\">Etunimi<\/label>\n            <input class=\"elementor-field elementor-size-sm  elementor-field-textual regFormFirstName\" placeholder=\"Etunimi\" data-input=\"firstname\" data-valid=\"false\" id=\"form-first_name\" name=\"firstname\" size=\"1\" type=\"text\">\n            <p class=\"error-message\"><\/p>\n        <\/div>\n\n        <div class=\"elementor-field-type-text elementor-field-group elementor-column elementor-field-group-name elementor-col-100 form-group\">\n            <label for=\"form-last_name\" class=\"elementor-field-label elementor-screen-only\">Sukunimi<\/label>\n            <input class=\"elementor-field elementor-size-sm elementor-field-textual regFormLastNname\" placeholder=\"Sukunimi\" data-input=\"lastname\" data-valid=\"false\" id=\"form-last_name\" name=\"lastname\" size=\"1\" type=\"text\">\n            <p class=\"error-message\"><\/p>\n        <\/div>\n\n        <div class=\"elementor-field-type-text elementor-field-group elementor-column elementor-field-group-name elementor-col-100 form-group form-group__emailValid\">\n            <label class=\"elementor-field-label elementor-screen-only\" for=\"form-email\">S&auml;hk&ouml;posti<\/label>\n            <input class=\"elementor-field elementor-size-sm elementor-field-textual regFormEmail\" placeholder=\"S&auml;hk&ouml;posti\" data-input=\"email\" data-valid=\"false\" id=\"form-email\" name=\"email\" type=\"email\">\n            <p class=\"error-message\"><\/p>\n            <p class=\"form-group__emailValid-info\">\n                <span class=\"form-group__emailValid-message\"><span>Tarkoititko<\/span> <b><\/b>?<\/span> <span class=\"form-group__emailValid-btn\">Korvata<\/span>            <\/p>\n        <\/div>\n\n        <div class=\"elementor-field-type-tel elementor-field-group elementor-column elementor-field-group-field_fad38fc elementor-col-100 form-group reg-phone\">\n            <label class=\"elementor-field-label elementor-screen-only\" for=\"form-phone_number\">Puhelinnumero<\/label>\n            <input class=\"elementor-field elementor-size-sm elementor-field-textual regFormPhoneNumber\" placeholder=\"Puhelinnumero\" autocompvare=\"off\" data-input=\"phone_number\" data-valid=\"false\" id=\"form-phone_number\" name=\"phone_number\" size=\"1\" type=\"text\">\n            <p class=\"error-message\"><\/p>\n        <\/div>\n\n        <p class=\"reCAPTCHAContent\">\n            T&auml;m&auml; sivusto on suojattu reCAPTCHA:lla, ja <a href=\"https:\/\/policies.google.com\/privacy\/fi\/\" target=\"_blank\" rel=\"noopener\">Googlen tietosuojak&auml;yt&auml;nt&ouml;<\/a> ja <a href=\"https:\/\/policies.google.com\/terms\/fi\/\" target=\"_blank\" rel=\"noopener\">k&auml;ytt&ouml;ehdot<\/a> ovat voimassa.        <\/p>\n\n        <button class=\"elementor-button zoom regFormButton\" data-button=\"submit\" id=\"form-btn\" type=\"button\">\n            Turvallinen rekister&ouml;inti        <\/button>\n\n        <div class=\"wrapper__rar-no\" data-modal=\"success\" style=\"display: none\">\n            <div class=\"success\">\n                <img decoding=\"async\" src=\"\/wp-content\/plugins\/fxbot-registration-form\/assets\/images\/regSuccess.png\" alt=\"Kiitos rekister&ouml;innist&auml;\" title=\"\">\n                <p>Kiitos rekister&ouml;innist&auml;.<br>Edustajamme ottaa sinuun yhteytt&auml; pian.<br>Varmista, ett&auml; k&auml;ytit oikeaa puhelinnumeroa.<br>Kippis.<\/p>\n            <\/div>\n        <\/div>\n\n        <div class=\"wrapper__rar-no\" data-modal=\"alternative_success\" style=\"display: none\">\n            <div class=\"success\">\n                <p class=\"reg_title\">\n                    <b>Olet onnistuneesti yhdist&auml;nyt.<\/b>\n                <\/p>\n                <p>Yrityksen edustaja ottaa sinuun pian yhteytt&auml;. Varmista, ett&auml; olet puhelimitse tavoitettavissa, jotta et missaa puhelua.<\/p>\n            <\/div>\n        <\/div>\n\n        <div class=\"wrapper__error\" data-modal=\"error\" style=\"display: none\"><\/div>\n    <\/form>\n<\/div><div class=\"submit-overlay\" style=\"display: none;\">\n    <div class=\"lds-spinner\">\n        <div><\/div>\n        <div><\/div>\n        <div><\/div>\n        <div><\/div>\n        <div><\/div>\n        <div><\/div>\n        <div><\/div>\n        <div><\/div>\n    <\/div>\n    <p class=\"overlay-text\">Yhdist&auml;&auml; sinut alueesi parhaaseen v&auml;litt&auml;j&auml;&auml;n<\/p>\n<\/div>\n\n\n<\/div><\/div>\n<\/div>\n<\/div>\n<\/div><div class=\"gb-container gb-container-c04446d2\">\n<div class=\"gb-container gb-container-dab8f1ff\">\n<div class=\"gb-grid-wrapper gb-grid-wrapper-8c1f81ff\">\n<div class=\"gb-grid-column gb-grid-column-f95de792\"><div class=\"gb-container gb-container-f95de792\">\n<div class=\"gb-container gb-container-0555d0ce\"><\/div>\n\n<div class=\"gb-container gb-container-4f6056ea\">\n\n<h3 class=\"gb-headline gb-headline-ce7817f7 gb-headline-text\">KW_00002 Kirjautuminen &ndash; Olemassa olevat j&auml;senet<\/h3>\n\n\n\n<p class=\"gb-headline gb-headline-8e3c329e gb-headline-text\">KW_00002:n j&auml;senen&auml; oleminen tarkoittaa, ett&auml; voit hallita kaupank&auml;yntitili&auml;si mist&auml; tahansa laitteesta, miss&auml; ja milloin tahansa. Jos m&auml;&auml;rit&auml;t j&auml;rjestelm&auml;n automaattista kaupank&auml;ynti&auml; varten, se toimii jo sinulle, vaikka olet poissa. Kun haluat tarkistaa, p&auml;ivitt&auml;&auml;, muuttaa, asettaa, tallettaa tai nostaa &ndash; kirjaudu sis&auml;&auml;n.<br> Kirjautumiseen tarvitset sek&auml; s&auml;hk&ouml;postiosoitteen ett&auml; salasanan, jotka annoit ja m&auml;&auml;ritit rekister&ouml;itymisen yhteydess&auml;. Jos olet sen j&auml;lkeen vaihtanut salasanasi tai haluat k&auml;ytt&auml;&auml; toista s&auml;hk&ouml;postiosoitetta, jota ei ole viel&auml; p&auml;ivitetty j&auml;rjestelm&auml;&auml;n, tai jos olet unohtanut jonkin niist&auml; &ndash; voit l&auml;hett&auml;&auml; kaikki tiedot sis&auml;lt&auml;v&auml;n yhteydenottolomakkeen Ota yhteytt&auml; <a href=\"https:\/\/btcaussiesystem.cloud\/fi\/ota-yhteytta\/\">-sivultamme,<\/a> ja edustaja ottaa sinuun yhteytt&auml; varmistaakseen, ett&auml; tilisi on p&auml;ivitetty ja synkronoitu.<br> Ammattitaitoiset tuki- ja asiakaspalveluedustajat ovat aina valmiina tarjoamaan kaikenlaista apua, jota saatat tarvita, jotta voit maksimoida kaupank&auml;yntisi ja asiakastyytyv&auml;isyytesi. <\/p>\n\n<\/div>\n<\/div><\/div>\n\n<div class=\"gb-grid-column gb-grid-column-11f8993b\"><div class=\"gb-container gb-container-11f8993b\">\n<div class=\"gb-container gb-container-4421382f\"><\/div>\n\n<div class=\"gb-container gb-container-cc97d902\">\n\n<h3 class=\"gb-headline gb-headline-61dfcc38 gb-headline-text\">KW_00001 Rekister&ouml;ityminen &ndash; Uudet j&auml;senet<\/h3>\n\n\n\n<p>Olet vain lyhyen askeleen p&auml;&auml;ss&auml; liittymisest&auml; KW_00002:n &ndash; johtavan, luotettavimman kryptokauppaj&auml;rjestelm&auml;n &ndash; j&auml;seneksi. Bitcoin-kauppiaiden yhteis&ouml;n j&auml;senen&auml; oleminen tarkoittaa, ett&auml; olet osa kasvavaa krypton maailmaa &ndash; ei vain kaupank&auml;ynnin kautta, vaan my&ouml;s pystym&auml;ll&auml; ostamaan tuotteita ja palveluita sek&auml; suorittamaan maksuja kryptovaluutoilla, kun yh&auml; useammat yritykset, toimipaikat, ja organisaatiot ottavat ne nyt vastaan.<br> Voit nyt liitty&auml; KW_00001:een ilmaiseksi. Kun t&auml;yt&auml;t yll&auml; olevan lyhyen rekister&ouml;intilomakkeen, sinut yhdistet&auml;&auml;n kaupank&auml;yntialustaan &#8203;&#8203;ja valittu kumppaniv&auml;litt&auml;j&auml; m&auml;&auml;r&auml;t&auml;&auml;n tukemaan tili&auml;si.<br> T&auml;ss&auml; vaiheessa voit jo m&auml;&auml;ritt&auml;&auml; j&auml;rjestelm&auml;n ja k&auml;ytt&auml;&auml; eri ominaisuuksia.  Reaaliaikaisen kaupank&auml;ynnin aloittamiseksi tarvitset kuitenkin alkurahoitusp&auml;&auml;omaa. Yksityiskohtaiset selitykset rekister&ouml;inti- ja kaupank&auml;yntiprosesseista l&ouml;ytyv&auml;t t&auml;m&auml;n virallisen verkkosivuston <a href=\"https:\/\/btcaussiesystem.cloud\/fi\/\">KW_00003-<\/a> <a href=\"https:\/\/btcaussiesystem.cloud\/fi\/\">kotisivulta<\/a> .<\/p>\n\n<\/div>\n<\/div><\/div>\n<\/div>\n<\/div>\n<\/div><div class=\"gb-container gb-container-9b0a3f7d\">\n<div class=\"gb-container gb-container-bb6f7447\">\n\n<p class=\"has-contrast-color has-text-color\"><strong>Kaikki KW_00003:ssa on suunniteltu SINUA ajatellen. Se on kattava j&auml;rjestelm&auml;, joka on tehty intuitiivinen, helppo, virheet&ouml;n, onnistunut, turvallinen, suojattu ja maksuton. Jos et ole viel&auml; j&auml;sen, edustaja ottaa sinuun yhteytt&auml; pian rekister&ouml;itymisen j&auml;lkeen. Nykyiset j&auml;senet voivat k&auml;ytt&auml;&auml; t&auml;ll&auml; sivulla olevaa lomaketta tai ottaa yhteytt&auml; tukeen.<\/strong><\/p>\n\n\n\n<p class=\"has-contrast-color has-text-color\">&Auml;l&auml; viivyttele tilaisuutta liitty&auml; nyt ilmaiseksi tai kirjautua sis&auml;&auml;n seurataksesi tili&auml;si. Mahdollisuudet odottavat sinua tarttumaan niihin. Tulevaisuus on aivan n&auml;pp&auml;imist&ouml;si takana, aivan sormiesi ulottuvilla&hellip; Tartu siihen!<\/p>\n\n<\/div>\n<\/div><div class=\"gb-container gb-container-3ab17537\">\n<div class=\"gb-container gb-container-e36369bf\">\n\n<a class=\"gb-button gb-button-6e1765a2 gb-button-text rounded-icon\" href=\"https:\/\/btcaussiesystem.cloud\/#section-2-13\">Ilmoittaudu nyt<\/a>\n\n<\/div>\n<\/div>\n","protected":false},"excerpt":{"rendered":"<p>Kirjaudu sis&auml;&auml;n KW_00001:een Kaikki KW_00003:ssa on suunniteltu SINUA ajatellen. Se on kattava j&auml;rjestelm&auml;, joka on tehty intuitiivinen, helppo, virheet&ouml;n, onnistunut, turvallinen, suojattu ja maksuton. Jos et ole viel&auml; j&auml;sen, edustaja ottaa sinuun yhteytt&auml; pian rekister&ouml;itymisen j&auml;lkeen. Nykyiset j&auml;senet voivat k&auml;ytt&auml;&auml; t&auml;ll&auml; sivulla olevaa lomaketta tai ottaa yhteytt&auml; tukeen. &Auml;l&auml; viivyttele tilaisuutta liitty&auml; nyt ilmaiseksi tai &#8230; <a title=\"Kirjaudu sis\u00e4\u00e4n\" class=\"read-more\" href=\"https:\/\/btcaussiesystem.cloud\/fi\/kirjaudu-sisaan\/\" aria-label=\"Lue lis\u00e4\u00e4 aiheesta Kirjaudu sis\u00e4\u00e4n\">Lue lis\u00e4\u00e4<\/a><\/p>\n","protected":false},"author":1,"featured_media":0,"parent":0,"menu_order":0,"comment_status":"closed","ping_status":"closed","template":"","meta":{"footnotes":""},"class_list":["post-4922","page","type-page","status-publish"],"_links":{"self":[{"href":"https:\/\/btcaussiesystem.cloud\/fi\/wp-json\/wp\/v2\/pages\/4922","targetHints":{"allow":["GET"]}}],"collection":[{"href":"https:\/\/btcaussiesystem.cloud\/fi\/wp-json\/wp\/v2\/pages"}],"about":[{"href":"https:\/\/btcaussiesystem.cloud\/fi\/wp-json\/wp\/v2\/types\/page"}],"author":[{"embeddable":true,"href":"https:\/\/btcaussiesystem.cloud\/fi\/wp-json\/wp\/v2\/users\/1"}],"replies":[{"embeddable":true,"href":"https:\/\/btcaussiesystem.cloud\/fi\/wp-json\/wp\/v2\/comments?post=4922"}],"version-history":[{"count":3,"href":"https:\/\/btcaussiesystem.cloud\/fi\/wp-json\/wp\/v2\/pages\/4922\/revisions"}],"predecessor-version":[{"id":19036,"href":"https:\/\/btcaussiesystem.cloud\/fi\/wp-json\/wp\/v2\/pages\/4922\/revisions\/19036"}],"wp:attachment":[{"href":"https:\/\/btcaussiesystem.cloud\/fi\/wp-json\/wp\/v2\/media?parent=4922"}],"curies":[{"name":"wp","href":"https:\/\/api.w.org\/{rel}","templated":true}]}}