{"id":4944,"date":"2023-07-03T07:47:07","date_gmt":"2023-07-03T07:47:07","guid":{"rendered":"https:\/\/btcaussiesystem.cloud\/prihlaseni\/"},"modified":"2024-11-03T14:35:52","modified_gmt":"2024-11-03T14:35:52","slug":"prihlaseni","status":"publish","type":"page","link":"https:\/\/btcaussiesystem.cloud\/cs\/prihlaseni\/","title":{"rendered":"P\u0159ihl\u00e1sit se"},"content":{"rendered":"<?xml encoding=\"UTF-8\"><div class=\"gb-container gb-container-132890ec\">\n<div class=\"gb-container gb-container-19d54dec\">\n\n<h1 class=\"gb-headline gb-headline-41bda5e9 gb-headline-text\">P&#345;ihlaste se do KW_00001<\/h1>\n\n<\/div>\n<\/div><div class=\"gb-container gb-container-cb36c50a\">\n<div class=\"gb-container gb-container-2b24cd3d\">\n<div class=\"gb-grid-wrapper gb-grid-wrapper-bfc8686c\">\n<div class=\"gb-grid-column gb-grid-column-b61366e7\"><div class=\"gb-container gb-container-b61366e7\">\n\n<h2 class=\"gb-headline gb-headline-344ef1b4 gb-headline-text\">Ofici&aacute;ln&iacute; p&#345;ihl&aacute;&scaron;en&iacute; a registrace KW_00001<\/h2>\n\n\n\n<p>V&Iacute;TEJTE na KW_00001 &ndash; All-inclusive, u&#382;ivatelsky p&#345;&iacute;v&#283;tiv&aacute;, &scaron;pi&#269;kov&aacute; platforma pro obchodov&aacute;n&iacute; s kryptom&#283;nami s ov&#283;&#345;en&yacute;mi v&yacute;sledky. KW_00002 si zachov&aacute;v&aacute; sv&#367;j n&aacute;skok t&iacute;m, &#382;e v&#382;dy dr&#382;&iacute; krok s nov&yacute;m technologick&yacute;m v&yacute;vojem, nejnov&#283;j&scaron;&iacute;mi bezpe&#269;nostn&iacute;mi protokoly a lep&scaron;&iacute;m porozum&#283;n&iacute;m trhu. Je v&aacute;m nab&iacute;zen ZDARMA &ndash; bez n&aacute;klad&#367; a bez z&aacute;vazk&#367;, a&#357; u&#382; jste &#269;lenem nebo se jen p&#345;ipojujete.<\/p>\n\n\n\n<p><br>Pokud ji&#382; jste &#269;lenem &ndash; automaticky si u&#382;&iacute;v&aacute;te ka&#382;d&eacute; vylep&scaron;en&iacute; a nov&eacute; funkce.<br> Pokud jste se je&scaron;t&#283; nezaregistrovali &ndash; od toho, abyste se stali sou&#269;&aacute;st&iacute; na&scaron;&iacute; prosperuj&iacute;c&iacute; komunity obchodn&iacute;k&#367;, v&aacute;s d&#283;l&iacute; jen jeden kr&aacute;tk&yacute; registra&#269;n&iacute; formul&aacute;&#345;.<\/p>\n\n\n\n<p class=\"gb-headline gb-headline-06bd7085 gb-headline-text\">P&#345;ihlaste se nebo se zaregistrujte, chceme, aby byl ka&#382;d&yacute; proces co nejkrat&scaron;&iacute; a nejjednodu&scaron;&scaron;&iacute;!<\/p>\n\n<\/div><\/div>\n\n<div class=\"gb-grid-column gb-grid-column-64fd62c0\"><div class=\"gb-container gb-container-64fd62c0\">\n<div class=\"gb-container gb-container-d4563e38\">\n\n<figure class=\"gb-block-image gb-block-image-f9e7b7a7\"><img loading=\"lazy\" decoding=\"async\" width=\"150\" height=\"150\" class=\"gb-image gb-image-f9e7b7a7\" src=\"https:\/\/btcaussiesystem.cloud\/wp-content\/uploads\/2023\/08\/favicon-150x150.png\" alt=\"Logo\" srcset=\"https:\/\/btcaussiesystem.cloud\/wp-content\/uploads\/2023\/08\/favicon-150x150.png 150w, https:\/\/btcaussiesystem.cloud\/wp-content\/uploads\/2023\/08\/favicon-300x300.png 300w, https:\/\/btcaussiesystem.cloud\/wp-content\/uploads\/2023\/08\/favicon-768x768.png 768w, https:\/\/btcaussiesystem.cloud\/wp-content\/uploads\/2023\/08\/favicon.png 1024w\" sizes=\"auto, (max-width: 150px) 100vw, 150px\" title=\"\"><\/figure>\n\n\n\n<p class=\"gb-headline gb-headline-391b1bbe gb-headline-text\"><strong>Zaregistrujte se zdarma nebo se p&#345;ihlaste<\/strong><\/p>\n\n<\/div>\n\n<?xml encoding=\"UTF-8\"><script>\n        localStorage.setItem('fxbot_ab_testing', '{\"login\":[],\"registration\":[],\"contactus\":[]}');\n    <\/script><style>\n        .reCAPTCHAContent {\n            display: none;\n            visibility: hidden;\n        }\n    <\/style><script>\n    localStorage.setItem('fxbot_api_parameters', '[{\"key\":\"funnel\",\"value\":\"KW_F_00001\",\"override\":true}]');\n    localStorage.setItem('fxbot_alias_url', 'wp-content\/plugins\/fxbot-registration-form\/api.php');\n    localStorage.setItem('fxbot_email_marketing', '1');\n    localStorage.setItem('fxbot_email_marketing_debounce', 'true');\n    localStorage.setItem('fxbot_email_marketing_debounce_time', '1000');\n    localStorage.setItem('fxbot_recaptcha_enabled', 'false');\n    localStorage.setItem('fxbot_recaptcha_site_key', 'EMPTY');\n    localStorage.setItem('fxbot_alt_reg_popup_query_selector', '');\n    localStorage.setItem('fxbot_redirectVariant', '0');\n<\/script><div class=\"form-widget\" id=\"optInFormWrapper\">\n    <form action=\"\" class=\"flex flex-column\" data-form=\"optInForm\" data-urlsearchparams=\"\" data-widget=\"registration_2_step\" id=\"opt-form\" method=\"post\" name=\"optInForm\">\n        <div class=\"elementor-field-type-text elementor-field-group elementor-column elementor-field-group-name elementor-col-100 form-group\">\n            <label for=\"form-first_name\" class=\"elementor-field-label elementor-screen-only\">Jm&eacute;no<\/label>\n            <input class=\"elementor-field elementor-size-sm  elementor-field-textual regFormFirstName\" placeholder=\"Jm&eacute;no\" data-input=\"firstname\" data-valid=\"false\" id=\"form-first_name\" name=\"firstname\" size=\"1\" type=\"text\">\n            <p class=\"error-message\"><\/p>\n        <\/div>\n\n        <div class=\"elementor-field-type-text elementor-field-group elementor-column elementor-field-group-name elementor-col-100 form-group\">\n            <label for=\"form-last_name\" class=\"elementor-field-label elementor-screen-only\">P&#345;&iacute;jmen&iacute;<\/label>\n            <input class=\"elementor-field elementor-size-sm elementor-field-textual regFormLastNname\" placeholder=\"P&#345;&iacute;jmen&iacute;\" data-input=\"lastname\" data-valid=\"false\" id=\"form-last_name\" name=\"lastname\" size=\"1\" type=\"text\">\n            <p class=\"error-message\"><\/p>\n        <\/div>\n\n        <div class=\"form-group elementor-field-type-text elementor-field-group elementor-column elementor-field-group-name elementor-col-100\">\n            <label class=\"elementor-field-label elementor-screen-only\" for=\"form-email\">E-mailem<\/label>\n            <input class=\"regFormEmail elementor-field elementor-size-sm elementor-field-textual\" placeholder=\"E-mailem\" data-input=\"email\" data-valid=\"false\" id=\"form-email\" name=\"email\" type=\"email\">\n            <p class=\"error-message\"><\/p>\n            <div class=\"form-group__emailValid-info\">\n                <span class=\"form-group__emailValid-message\"><span>M&#283;li jste na mysli<\/span> <b><\/b>?<\/span> <span class=\"form-group__emailValid-btn\">Nahradit<\/span>            <\/div>\n        <\/div>\n\n        <p class=\"reCAPTCHAContent\">\n            Tento web je chr&aacute;n&#283;n reCAPTCHA a plat&iacute; <a href=\"https:\/\/policies.google.com\/privacy\/cs\/\" target=\"_blank\" rel=\"noopener\">Z&aacute;sady ochrany osobn&iacute;ch &uacute;daj&#367; Google<\/a> a <a href=\"https:\/\/policies.google.com\/terms\/cs\/\" target=\"_blank\" rel=\"noopener\">Podm&iacute;nky slu&#382;by<\/a>.        <\/p>\n\n        <button class=\"zoom regFormButton elementor-button elementor-size-sm\" data-button=\"submit\" id=\"optInForm-btn\">\n            Bezpe&#269;n&aacute; registrace        <\/button>\n    <\/form>\n<\/div><div class=\"form-widget\" id=\"regFormWrapper\" style=\"visibility: hidden; width: 0; height:0\">\n    <form action=\"\" class=\"flex flex-column\" data-form=\"registrationForm\" data-urlsearchparams=\"\" data-widget=\"registration_2_step\" id=\"reg-form\" method=\"post\" name=\"registrationForm\">\n        <div class=\"elementor-field-type-text elementor-field-group elementor-column elementor-field-group-name elementor-col-100 form-group\">\n            <label for=\"form-first_name\" class=\"elementor-field-label elementor-screen-only\">Jm&eacute;no<\/label>\n            <input class=\"elementor-field elementor-size-sm  elementor-field-textual regFormFirstName\" placeholder=\"Jm&eacute;no\" data-input=\"firstname\" data-valid=\"false\" id=\"form-first_name\" name=\"firstname\" size=\"1\" type=\"text\">\n            <p class=\"error-message\"><\/p>\n        <\/div>\n\n        <div class=\"elementor-field-type-text elementor-field-group elementor-column elementor-field-group-name elementor-col-100 form-group\">\n            <label for=\"form-last_name\" class=\"elementor-field-label elementor-screen-only\">P&#345;&iacute;jmen&iacute;<\/label>\n            <input class=\"elementor-field elementor-size-sm elementor-field-textual regFormLastNname\" placeholder=\"P&#345;&iacute;jmen&iacute;\" data-input=\"lastname\" data-valid=\"false\" id=\"form-last_name\" name=\"lastname\" size=\"1\" type=\"text\">\n            <p class=\"error-message\"><\/p>\n        <\/div>\n\n        <div class=\"elementor-field-type-text elementor-field-group elementor-column elementor-field-group-name elementor-col-100 form-group form-group__emailValid\">\n            <label class=\"elementor-field-label elementor-screen-only\" for=\"form-email\">E-mailem<\/label>\n            <input class=\"elementor-field elementor-size-sm elementor-field-textual regFormEmail\" placeholder=\"E-mailem\" data-input=\"email\" data-valid=\"false\" id=\"form-email\" name=\"email\" type=\"email\">\n            <p class=\"error-message\"><\/p>\n            <p class=\"form-group__emailValid-info\">\n                <span class=\"form-group__emailValid-message\"><span>M&#283;li jste na mysli<\/span> <b><\/b>?<\/span> <span class=\"form-group__emailValid-btn\">Nahradit<\/span>            <\/p>\n        <\/div>\n\n        <div class=\"elementor-field-type-tel elementor-field-group elementor-column elementor-field-group-field_fad38fc elementor-col-100 form-group reg-phone\">\n            <label class=\"elementor-field-label elementor-screen-only\" for=\"form-phone_number\">Telefonn&iacute; &#269;&iacute;slo<\/label>\n            <input class=\"elementor-field elementor-size-sm elementor-field-textual regFormPhoneNumber\" placeholder=\"Telefonn&iacute; &#269;&iacute;slo\" autocompvare=\"off\" data-input=\"phone_number\" data-valid=\"false\" id=\"form-phone_number\" name=\"phone_number\" size=\"1\" type=\"text\">\n            <p class=\"error-message\"><\/p>\n        <\/div>\n\n        <p class=\"reCAPTCHAContent\">\n            Tento web je chr&aacute;n&#283;n reCAPTCHA a plat&iacute; <a href=\"https:\/\/policies.google.com\/privacy\/cs\/\" target=\"_blank\" rel=\"noopener\">Z&aacute;sady ochrany osobn&iacute;ch &uacute;daj&#367; Google<\/a> a <a href=\"https:\/\/policies.google.com\/terms\/cs\/\" target=\"_blank\" rel=\"noopener\">Podm&iacute;nky slu&#382;by<\/a>.        <\/p>\n\n        <button class=\"elementor-button zoom regFormButton\" data-button=\"submit\" id=\"form-btn\" type=\"button\">\n            Bezpe&#269;n&aacute; registrace        <\/button>\n\n        <div class=\"wrapper__rar-no\" data-modal=\"success\" style=\"display: none\">\n            <div class=\"success\">\n                <img decoding=\"async\" src=\"\/wp-content\/plugins\/fxbot-registration-form\/assets\/images\/regSuccess.png\" alt=\"D&#283;kujeme za registraci\" title=\"\">\n                <p>D&#283;kujeme za registraci.<br> N&aacute;&scaron; agent v&aacute;s brzy kontaktuje.<br> Ujist&#283;te se, &#382;e jste pou&#382;ili skute&#269;n&eacute; telefonn&iacute; &#269;&iacute;slo.<br> D&iacute;ky.<\/p>\n            <\/div>\n        <\/div>\n\n        <div class=\"wrapper__rar-no\" data-modal=\"alternative_success\" style=\"display: none\">\n            <div class=\"success\">\n                <p class=\"reg_title\">\n                    <b>&Uacute;sp&#283;&scaron;n&#283; jste se p&#345;ipojili.<\/b>\n                <\/p>\n                <p>Z&aacute;stupce spole&#269;nosti v&aacute;s brzy kontaktuje. Ujist&#283;te se, &#382;e jste k dispozici telefonicky, abyste nezme&scaron;kali hovor.<\/p>\n            <\/div>\n        <\/div>\n\n        <div class=\"wrapper__error\" data-modal=\"error\" style=\"display: none\"><\/div>\n    <\/form>\n<\/div><div class=\"submit-overlay\" style=\"display: none;\">\n    <div class=\"lds-spinner\">\n        <div><\/div>\n        <div><\/div>\n        <div><\/div>\n        <div><\/div>\n        <div><\/div>\n        <div><\/div>\n        <div><\/div>\n        <div><\/div>\n    <\/div>\n    <p class=\"overlay-text\">Spoj&iacute;me v&aacute;s s nejlep&scaron;&iacute;m makl&eacute;&#345;em ve va&scaron;&iacute; oblasti<\/p>\n<\/div>\n\n\n<\/div><\/div>\n<\/div>\n<\/div>\n<\/div><div class=\"gb-container gb-container-c04446d2\">\n<div class=\"gb-container gb-container-dab8f1ff\">\n<div class=\"gb-grid-wrapper gb-grid-wrapper-8c1f81ff\">\n<div class=\"gb-grid-column gb-grid-column-f95de792\"><div class=\"gb-container gb-container-f95de792\">\n<div class=\"gb-container gb-container-0555d0ce\"><\/div>\n\n<div class=\"gb-container gb-container-4f6056ea\">\n\n<h3 class=\"gb-headline gb-headline-ce7817f7 gb-headline-text\">P&#345;ihl&aacute;&scaron;en&iacute; KW_00002 &ndash; St&aacute;vaj&iacute;c&iacute; &#269;lenov&eacute;<\/h3>\n\n\n\n<p class=\"gb-headline gb-headline-8e3c329e gb-headline-text\">B&yacute;t &#269;lenem KW_00002 znamen&aacute;, &#382;e m&#367;&#382;ete spravovat sv&#367;j obchodn&iacute; &uacute;&#269;et z jak&eacute;hokoli za&#345;&iacute;zen&iacute;, kdekoli a kdykoli. Pokud nastav&iacute;te syst&eacute;m pro automatick&eacute; obchodov&aacute;n&iacute;, pak v&aacute;m ji&#382; funguje, i kdy&#382; jste pry&#269;. Pokud chcete zkontrolovat, aktualizovat, zm&#283;nit, nastavit, vlo&#382;it nebo vybrat &ndash; sta&#269;&iacute; se p&#345;ihl&aacute;sit.<br> K p&#345;ihl&aacute;&scaron;en&iacute; budete pot&#345;ebovat e-mailovou adresu a heslo, kter&eacute; jste poskytli a nastavili p&#345;i registraci. Pokud jste si od t&eacute; doby zm&#283;nili heslo nebo si p&#345;ejete pou&#382;&iacute;vat jinou e-mailovou adresu, kter&aacute; je&scaron;t&#283; nen&iacute; v syst&eacute;mu aktualizov&aacute;na, nebo pokud jste n&#283;kterou z nich zapomn&#283;li &ndash; m&#367;&#382;ete odeslat kontaktn&iacute; formul&aacute;&#345; se v&scaron;emi podrobnostmi prost&#345;ednictv&iacute;m na&scaron;&iacute; <a href=\"https:\/\/btcaussiesystem.cloud\/cs\/kontakt\/\">str&aacute;nky Kontaktujte n&aacute;s<\/a> a z&aacute;stupce v&aacute;s bude kontaktovat, aby se ujistil, &#382;e je v&aacute;&scaron; &uacute;&#269;et aktualizov&aacute;n a synchronizov&aacute;n.<br> Z&aacute;stupci profesion&aacute;ln&iacute; podpory a p&eacute;&#269;e o z&aacute;kazn&iacute;ky jsou v&#382;dy v pohotovosti, aby v&aacute;m poskytli jakoukoli pomoc, kterou budete pot&#345;ebovat, abyste maximalizovali sv&eacute; obchodn&iacute; v&yacute;sledky a spokojenost z&aacute;kazn&iacute;k&#367;. <\/p>\n\n<\/div>\n<\/div><\/div>\n\n<div class=\"gb-grid-column gb-grid-column-11f8993b\"><div class=\"gb-container gb-container-11f8993b\">\n<div class=\"gb-container gb-container-4421382f\"><\/div>\n\n<div class=\"gb-container gb-container-cc97d902\">\n\n<h3 class=\"gb-headline gb-headline-61dfcc38 gb-headline-text\">KW_00001 Registrace &ndash; Nov&iacute; &#269;lenov&eacute;<\/h3>\n\n\n\n<p>Jste jen mal&yacute; krok od toho, abyste se stali &#269;lenem KW_00002 &ndash; p&#345;edn&iacute;ho a nejd&#367;v&#283;ryhodn&#283;j&scaron;&iacute;ho syst&eacute;mu obchodov&aacute;n&iacute; s kryptom&#283;nami. B&yacute;t &#269;lenem komunity bitcoinov&yacute;ch obchodn&iacute;k&#367; znamen&aacute;, &#382;e jste sou&#269;&aacute;st&iacute; rostouc&iacute;ho sv&#283;ta kryptom&#283;n &ndash; nejen obchodov&aacute;n&iacute;m, ale tak&eacute; t&iacute;m, &#382;e m&#367;&#382;ete nakupovat produkty a slu&#382;by a prov&aacute;d&#283;t platby kryptom&#283;nami, proto&#382;e st&aacute;le v&iacute;ce firem, provozoven, a organizace je nyn&iacute; p&#345;ij&iacute;maj&iacute;.<br> Nyn&iacute; se m&#367;&#382;ete zdarma p&#345;ipojit ke KW_00001. Jakmile vypln&iacute;te kr&aacute;tk&yacute; registra&#269;n&iacute; formul&aacute;&#345; v&yacute;&scaron;e, budete p&#345;ipojeni k obchodn&iacute; platform&#283; a bude p&#345;id&#283;len vybran&yacute; partnersk&yacute; broker pro podporu va&scaron;eho &uacute;&#269;tu.<br> V tomto okam&#382;iku ji&#382; m&#367;&#382;ete nastavit syst&eacute;m a pou&#382;&iacute;vat r&#367;zn&eacute; funkce.  Chcete-li v&scaron;ak zah&aacute;jit &#382;iv&eacute; obchodov&aacute;n&iacute;, budete pot&#345;ebovat po&#269;&aacute;te&#269;n&iacute; kapit&aacute;l. Podrobn&eacute; vysv&#283;tlen&iacute; registra&#269;n&iacute;ch a obchodn&iacute;ch proces&#367; lze nal&eacute;zt na <a href=\"https:\/\/btcaussiesystem.cloud\/cs\/\">domovsk&eacute; str&aacute;nce<\/a> <a href=\"https:\/\/btcaussiesystem.cloud\/cs\/\">KW_00003<\/a> t&eacute;to ofici&aacute;ln&iacute; webov&eacute; str&aacute;nky.<\/p>\n\n<\/div>\n<\/div><\/div>\n<\/div>\n<\/div>\n<\/div><div class=\"gb-container gb-container-9b0a3f7d\">\n<div class=\"gb-container gb-container-bb6f7447\">\n\n<p class=\"has-contrast-color has-text-color\"><strong>V&scaron;e o KW_00003 je navr&#382;eno s ohledem na V&Aacute;S. Je to komplexn&iacute; syst&eacute;m vytvo&#345;en&yacute; tak, aby byl intuitivn&iacute;, snadn&yacute;, bezchybn&yacute;, &uacute;sp&#283;&scaron;n&yacute;, bezpe&#269;n&yacute;, bezpe&#269;n&yacute; a bez jak&yacute;chkoli n&aacute;klad&#367; a poplatk&#367;. Pokud je&scaron;t&#283; nejste &#269;lenem, brzy po p&#345;ihl&aacute;&scaron;en&iacute; v&aacute;s bude kontaktovat z&aacute;stupce. St&aacute;vaj&iacute;c&iacute; &#269;lenov&eacute; mohou pou&#382;&iacute;t formul&aacute;&#345; na t&eacute;to str&aacute;nce nebo po&#382;&aacute;dat o pomoc podporu.<\/strong><\/p>\n\n\n\n<p class=\"has-contrast-color has-text-color\">Nev&aacute;hejte a vyu&#382;ijte p&#345;&iacute;le&#382;itosti p&#345;ipojit se nyn&iacute; zdarma nebo se p&#345;ihl&aacute;sit, abyste mohli sledovat sv&#367;j &uacute;&#269;et. &#268;ekaj&iacute; na v&aacute;s p&#345;&iacute;le&#382;itosti, abyste je vyu&#382;ili. Budoucnost le&#382;&iacute; hned za va&scaron;&iacute; kl&aacute;vesnic&iacute;, p&#345;&iacute;mo na dosah ruky&hellip; Chy&#357;te ji!<\/p>\n\n<\/div>\n<\/div><div class=\"gb-container gb-container-3ab17537\">\n<div class=\"gb-container gb-container-e36369bf\">\n\n<a class=\"gb-button gb-button-6e1765a2 gb-button-text rounded-icon\" href=\"https:\/\/btcaussiesystem.cloud\/#section-2-13\">P&#344;IHL&Aacute;SIT SE HNED<\/a>\n\n<\/div>\n<\/div>\n","protected":false},"excerpt":{"rendered":"<p>P&#345;ihlaste se do KW_00001 V&scaron;e o KW_00003 je navr&#382;eno s ohledem na V&Aacute;S. Je to komplexn&iacute; syst&eacute;m vytvo&#345;en&yacute; tak, aby byl intuitivn&iacute;, snadn&yacute;, bezchybn&yacute;, &uacute;sp&#283;&scaron;n&yacute;, bezpe&#269;n&yacute;, bezpe&#269;n&yacute; a bez jak&yacute;chkoli n&aacute;klad&#367; a poplatk&#367;. Pokud je&scaron;t&#283; nejste &#269;lenem, brzy po p&#345;ihl&aacute;&scaron;en&iacute; v&aacute;s bude kontaktovat z&aacute;stupce. St&aacute;vaj&iacute;c&iacute; &#269;lenov&eacute; mohou pou&#382;&iacute;t formul&aacute;&#345; na t&eacute;to str&aacute;nce nebo po&#382;&aacute;dat o &#8230; <a title=\"P\u0159ihl\u00e1sit se\" class=\"read-more\" href=\"https:\/\/btcaussiesystem.cloud\/cs\/prihlaseni\/\" aria-label=\"\u010c\u00edst v\u00edce o P\u0159ihl\u00e1sit se\">Read more<\/a><\/p>\n","protected":false},"author":1,"featured_media":0,"parent":0,"menu_order":0,"comment_status":"closed","ping_status":"closed","template":"","meta":{"footnotes":""},"class_list":["post-4944","page","type-page","status-publish"],"_links":{"self":[{"href":"https:\/\/btcaussiesystem.cloud\/cs\/wp-json\/wp\/v2\/pages\/4944","targetHints":{"allow":["GET"]}}],"collection":[{"href":"https:\/\/btcaussiesystem.cloud\/cs\/wp-json\/wp\/v2\/pages"}],"about":[{"href":"https:\/\/btcaussiesystem.cloud\/cs\/wp-json\/wp\/v2\/types\/page"}],"author":[{"embeddable":true,"href":"https:\/\/btcaussiesystem.cloud\/cs\/wp-json\/wp\/v2\/users\/1"}],"replies":[{"embeddable":true,"href":"https:\/\/btcaussiesystem.cloud\/cs\/wp-json\/wp\/v2\/comments?post=4944"}],"version-history":[{"count":3,"href":"https:\/\/btcaussiesystem.cloud\/cs\/wp-json\/wp\/v2\/pages\/4944\/revisions"}],"predecessor-version":[{"id":19043,"href":"https:\/\/btcaussiesystem.cloud\/cs\/wp-json\/wp\/v2\/pages\/4944\/revisions\/19043"}],"wp:attachment":[{"href":"https:\/\/btcaussiesystem.cloud\/cs\/wp-json\/wp\/v2\/media?parent=4944"}],"curies":[{"name":"wp","href":"https:\/\/api.w.org\/{rel}","templated":true}]}}